{"id":916,"date":"2023-10-25T09:21:11","date_gmt":"2023-10-25T09:21:11","guid":{"rendered":"https:\/\/www.bk-werkstofftechnik.com\/en\/?page_id=916"},"modified":"2023-10-25T09:21:45","modified_gmt":"2023-10-25T09:21:45","slug":"ethics-and-compliance","status":"publish","type":"page","link":"https:\/\/www.bk-werkstofftechnik.com\/en\/ethics-and-compliance\/","title":{"rendered":"Ethics and Compliance"},"content":{"rendered":"<p>At Applus+, we are convinced that the use of\u00a0principles and value-driven\u00a0management practises achieve more efficient and competitive results, thereby ensuring profitable and sustainable growth.<\/p>\n<p>The Applus+ corporate\u00a0reputation is one of our group\u2019s most valuable assets and a key component in service developments. Impartiality, independence and integrity are therefore the cornerstones of our Code of Ethics.<\/p>\n<p>All of these values are shared and endorsed by our team, so reinforcing our group\u2019s unity and cohesion.<\/p>\n<p>The Applus + Code of Ethics, together with the rest of the Group\u2019s Compliance Management System policies, is supported by an extensive implementation program to ensure that\u00a0all employees and directors are familiar with the internal policies and procedures, and all\u00a0requirements are effectively met.<\/p>\n<p>&nbsp;<\/p>\n<h3>Ethics and Compliance Communication Channel<\/h3>\n<p>If you have any enquiries about our Code of Ethics, or you want to report a possible violation of our Code of Ethics or other regulations, you can\u00a0<a href=\"https:\/\/www.applus.com\/global\/en\/about-us\/ethics-and-compliance\/communication-channel\" target=\"_blank\" rel=\"noopener\">send your enquiry or complaint through our E&amp;C Communication Channel.<\/a><\/p>\n","protected":false},"excerpt":{"rendered":"<p>At Applus+, we are convinced that the use of\u00a0principles and value-driven\u00a0management practises achieve more efficient and competitive results, thereby ensuring profitable and sustainable growth. The Applus+ corporate\u00a0reputation is one of our group\u2019s most valuable assets and a key component in service developments. Impartiality, independence and integrity are therefore the cornerstones of our Code of Ethics. [&hellip;]<\/p>\n","protected":false},"author":4,"featured_media":0,"parent":0,"menu_order":0,"comment_status":"closed","ping_status":"closed","template":"","meta":{"_acf_changed":false,"_en_post_content":"At Applus+, we are convinced that the use of\u00a0principles and value-driven\u00a0management practises achieve more efficient and competitive results, thereby ensuring profitable and sustainable growth.\r\n\r\nThe Applus+ corporate\u00a0reputation is one of our group\u2019s most valuable assets and a key component in service developments. Impartiality, independence and integrity are therefore the cornerstones of our Code of Ethics.\r\n\r\nAll of these values are shared and endorsed by our team, so reinforcing our group\u2019s unity and cohesion.\r\n\r\nThe Applus + Code of Ethics, together with the rest of the Group\u2019s Compliance Management System policies, is supported by an extensive implementation program to ensure that\u00a0all employees and directors are familiar with the internal policies and procedures, and all\u00a0requirements are effectively met.\r\n\r\n&nbsp;\r\n<h3>Ethics and Compliance Communication Channel<\/h3>\r\nIf you have any enquiries about our Code of Ethics, or you want to report a possible violation of our Code of Ethics or other regulations, you can\u00a0<a href=\"https:\/\/www.applus.com\/global\/en\/about-us\/ethics-and-compliance\/communication-channel\" target=\"_blank\" rel=\"noopener\">send your enquiry or complaint through our E&amp;C Communication Channel.<\/a>","_en_post_name":"ethics-and-compliance","_en_post_excerpt":"","_en_post_title":"Ethics and Compliance","_de_post_content":"Wir bei Applus+ sind davon \u00fcberzeugt, dass die Anwendung von Grunds\u00e4tzen und wertorientierten Managementpraktiken zu effizienteren und wettbewerbsf\u00e4higeren Ergebnissen f\u00fchrt und somit ein rentables und nachhaltiges Wachstum gew\u00e4hrleistet.\r\n\r\nDer Ruf des Unternehmens Applus+ ist einer der wertvollsten Verm\u00f6genswerte unserer Gruppe und eine Schl\u00fcsselkomponente bei der Entwicklung von Dienstleistungen. Unparteilichkeit, Unabh\u00e4ngigkeit und Integrit\u00e4t sind daher die Eckpfeiler unseres Ethikkodexes.\r\n\r\nAlle diese Werte werden von unserem Team geteilt und unterst\u00fctzt, wodurch die Einheit und der Zusammenhalt unserer Gruppe gest\u00e4rkt werden.\r\n\r\nDer Ethikkodex von Applus+ wird zusammen mit den \u00fcbrigen Richtlinien des Compliance-Management-Systems der Gruppe durch ein umfassendes Umsetzungsprogramm unterst\u00fctzt, um sicherzustellen, dass alle Mitarbeiter und Direktoren mit den internen Richtlinien und Verfahren vertraut sind und alle Anforderungen effektiv erf\u00fcllt werden.\r\n\r\n&nbsp;\r\n<h3>Kommunikationskanal f\u00fcr Ethik und Compliance<\/h3>\r\nWenn Sie Fragen zu unserem Ethik-Kodex haben oder einen m\u00f6glichen Versto\u00df gegen unseren Ethik-Kodex oder andere Vorschriften melden m\u00f6chten,\u00a0<a href=\"https:\/\/www.applus.com\/global\/en\/about-us\/ethics-and-compliance\/communication-channel\">k\u00f6nnen Sie Ihre Anfrage oder Beschwerde \u00fcber unseren E&amp;C-Kommunikationskanal senden.<\/a>\r\n<div id=\"gtx-trans\" style=\"position: absolute; left: -24px; top: 9.4375px;\">\r\n<div class=\"gtx-trans-icon\"><\/div>\r\n<\/div>","_de_post_name":"ethik-und-compliance","_de_post_excerpt":"","_de_post_title":"Ethik und Compliance","edit_language":"en","footnotes":""},"class_list":["post-916","page","type-page","status-publish","hentry"],"acf":[],"yoast_head":"<!-- This site is optimized with the Yoast SEO plugin v27.6 - https:\/\/yoast.com\/product\/yoast-seo-wordpress\/ -->\n<title>Ethics and Compliance - Applus+ BKW, Materials testing at a high level<\/title>\n<meta name=\"robots\" content=\"index, follow, max-snippet:-1, max-image-preview:large, max-video-preview:-1\" \/>\n<link rel=\"canonical\" href=\"https:\/\/www.bk-werkstofftechnik.com\/de\/ethik-und-compliance\/\" \/>\n<meta property=\"og:locale\" content=\"en_US\" \/>\n<meta property=\"og:type\" content=\"article\" \/>\n<meta property=\"og:title\" content=\"Ethics and Compliance - Applus+ BKW, Materials testing at a high level\" \/>\n<meta property=\"og:description\" content=\"At Applus+, we are convinced that the use of\u00a0principles and value-driven\u00a0management practises achieve more efficient and competitive results, thereby ensuring profitable and sustainable growth. The Applus+ corporate\u00a0reputation is one of our group\u2019s most valuable assets and a key component in service developments. Impartiality, independence and integrity are therefore the cornerstones of our Code of Ethics. [&hellip;]\" \/>\n<meta property=\"og:url\" content=\"https:\/\/www.bk-werkstofftechnik.com\/de\/ethik-und-compliance\/\" \/>\n<meta property=\"og:site_name\" content=\"Applus+ BKW, Materials testing at a high level\" \/>\n<meta property=\"article:modified_time\" content=\"2023-10-25T09:21:45+00:00\" \/>\n<meta name=\"twitter:card\" content=\"summary_large_image\" \/>\n<script type=\"application\/ld+json\" class=\"yoast-schema-graph\">{\"@context\":\"https:\\\/\\\/schema.org\",\"@graph\":[{\"@type\":\"WebPage\",\"@id\":\"https:\\\/\\\/www.bk-werkstofftechnik.com\\\/de\\\/ethik-und-compliance\\\/\",\"url\":\"https:\\\/\\\/www.bk-werkstofftechnik.com\\\/de\\\/ethik-und-compliance\\\/\",\"name\":\"Ethics and Compliance - Applus+ BKW, Materials testing at a high level\",\"isPartOf\":{\"@id\":\"https:\\\/\\\/www.bk-werkstofftechnik.com\\\/en\\\/#website\"},\"datePublished\":\"2023-10-25T09:21:11+00:00\",\"dateModified\":\"2023-10-25T09:21:45+00:00\",\"breadcrumb\":{\"@id\":\"https:\\\/\\\/www.bk-werkstofftechnik.com\\\/de\\\/ethik-und-compliance\\\/#breadcrumb\"},\"inLanguage\":\"en-EU\",\"potentialAction\":[{\"@type\":\"ReadAction\",\"target\":[\"https:\\\/\\\/www.bk-werkstofftechnik.com\\\/de\\\/ethik-und-compliance\\\/\"]}]},{\"@type\":\"BreadcrumbList\",\"@id\":\"https:\\\/\\\/www.bk-werkstofftechnik.com\\\/de\\\/ethik-und-compliance\\\/#breadcrumb\",\"itemListElement\":[{\"@type\":\"ListItem\",\"position\":1,\"name\":\"Home\",\"item\":\"https:\\\/\\\/www.bk-werkstofftechnik.com\\\/en\\\/\"},{\"@type\":\"ListItem\",\"position\":2,\"name\":\"Ethics and Compliance\"}]},{\"@type\":\"WebSite\",\"@id\":\"https:\\\/\\\/www.bk-werkstofftechnik.com\\\/en\\\/#website\",\"url\":\"https:\\\/\\\/www.bk-werkstofftechnik.com\\\/en\\\/\",\"name\":\"Applus+ BKW, Materials testing at a high level\",\"description\":\"\",\"publisher\":{\"@id\":\"https:\\\/\\\/www.bk-werkstofftechnik.com\\\/en\\\/#organization\"},\"potentialAction\":[{\"@type\":\"SearchAction\",\"target\":{\"@type\":\"EntryPoint\",\"urlTemplate\":\"https:\\\/\\\/www.bk-werkstofftechnik.com\\\/en\\\/?s={search_term_string}\"},\"query-input\":{\"@type\":\"PropertyValueSpecification\",\"valueRequired\":true,\"valueName\":\"search_term_string\"}}],\"inLanguage\":\"en-EU\"},{\"@type\":\"Organization\",\"@id\":\"https:\\\/\\\/www.bk-werkstofftechnik.com\\\/en\\\/#organization\",\"name\":\"Applus+ BKW\",\"url\":\"https:\\\/\\\/www.bk-werkstofftechnik.com\\\/en\\\/\",\"logo\":{\"@type\":\"ImageObject\",\"inLanguage\":\"en-EU\",\"@id\":\"https:\\\/\\\/www.bk-werkstofftechnik.com\\\/en\\\/#\\\/schema\\\/logo\\\/image\\\/\",\"url\":\"https:\\\/\\\/www.bk-werkstofftechnik.com\\\/wp-content\\\/uploads\\\/logo-applus-BKW.png\",\"contentUrl\":\"https:\\\/\\\/www.bk-werkstofftechnik.com\\\/wp-content\\\/uploads\\\/logo-applus-BKW.png\",\"width\":179,\"height\":85,\"caption\":\"Applus+ BKW\"},\"image\":{\"@id\":\"https:\\\/\\\/www.bk-werkstofftechnik.com\\\/en\\\/#\\\/schema\\\/logo\\\/image\\\/\"}}]}<\/script>\n<!-- \/ Yoast SEO plugin. -->","yoast_head_json":{"title":"Ethics and Compliance - Applus+ BKW, Materials testing at a high level","robots":{"index":"index","follow":"follow","max-snippet":"max-snippet:-1","max-image-preview":"max-image-preview:large","max-video-preview":"max-video-preview:-1"},"canonical":"https:\/\/www.bk-werkstofftechnik.com\/de\/ethik-und-compliance\/","og_locale":"en_US","og_type":"article","og_title":"Ethics and Compliance - Applus+ BKW, Materials testing at a high level","og_description":"At Applus+, we are convinced that the use of\u00a0principles and value-driven\u00a0management practises achieve more efficient and competitive results, thereby ensuring profitable and sustainable growth. The Applus+ corporate\u00a0reputation is one of our group\u2019s most valuable assets and a key component in service developments. Impartiality, independence and integrity are therefore the cornerstones of our Code of Ethics. [&hellip;]","og_url":"https:\/\/www.bk-werkstofftechnik.com\/de\/ethik-und-compliance\/","og_site_name":"Applus+ BKW, Materials testing at a high level","article_modified_time":"2023-10-25T09:21:45+00:00","twitter_card":"summary_large_image","schema":{"@context":"https:\/\/schema.org","@graph":[{"@type":"WebPage","@id":"https:\/\/www.bk-werkstofftechnik.com\/de\/ethik-und-compliance\/","url":"https:\/\/www.bk-werkstofftechnik.com\/de\/ethik-und-compliance\/","name":"Ethics and Compliance - Applus+ BKW, Materials testing at a high level","isPartOf":{"@id":"https:\/\/www.bk-werkstofftechnik.com\/en\/#website"},"datePublished":"2023-10-25T09:21:11+00:00","dateModified":"2023-10-25T09:21:45+00:00","breadcrumb":{"@id":"https:\/\/www.bk-werkstofftechnik.com\/de\/ethik-und-compliance\/#breadcrumb"},"inLanguage":"en-EU","potentialAction":[{"@type":"ReadAction","target":["https:\/\/www.bk-werkstofftechnik.com\/de\/ethik-und-compliance\/"]}]},{"@type":"BreadcrumbList","@id":"https:\/\/www.bk-werkstofftechnik.com\/de\/ethik-und-compliance\/#breadcrumb","itemListElement":[{"@type":"ListItem","position":1,"name":"Home","item":"https:\/\/www.bk-werkstofftechnik.com\/en\/"},{"@type":"ListItem","position":2,"name":"Ethics and Compliance"}]},{"@type":"WebSite","@id":"https:\/\/www.bk-werkstofftechnik.com\/en\/#website","url":"https:\/\/www.bk-werkstofftechnik.com\/en\/","name":"Applus+ BKW, Materials testing at a high level","description":"","publisher":{"@id":"https:\/\/www.bk-werkstofftechnik.com\/en\/#organization"},"potentialAction":[{"@type":"SearchAction","target":{"@type":"EntryPoint","urlTemplate":"https:\/\/www.bk-werkstofftechnik.com\/en\/?s={search_term_string}"},"query-input":{"@type":"PropertyValueSpecification","valueRequired":true,"valueName":"search_term_string"}}],"inLanguage":"en-EU"},{"@type":"Organization","@id":"https:\/\/www.bk-werkstofftechnik.com\/en\/#organization","name":"Applus+ BKW","url":"https:\/\/www.bk-werkstofftechnik.com\/en\/","logo":{"@type":"ImageObject","inLanguage":"en-EU","@id":"https:\/\/www.bk-werkstofftechnik.com\/en\/#\/schema\/logo\/image\/","url":"https:\/\/www.bk-werkstofftechnik.com\/wp-content\/uploads\/logo-applus-BKW.png","contentUrl":"https:\/\/www.bk-werkstofftechnik.com\/wp-content\/uploads\/logo-applus-BKW.png","width":179,"height":85,"caption":"Applus+ BKW"},"image":{"@id":"https:\/\/www.bk-werkstofftechnik.com\/en\/#\/schema\/logo\/image\/"}}]}},"_links":{"self":[{"href":"https:\/\/www.bk-werkstofftechnik.com\/en\/wp-json\/wp\/v2\/pages\/916","targetHints":{"allow":["GET"]}}],"collection":[{"href":"https:\/\/www.bk-werkstofftechnik.com\/en\/wp-json\/wp\/v2\/pages"}],"about":[{"href":"https:\/\/www.bk-werkstofftechnik.com\/en\/wp-json\/wp\/v2\/types\/page"}],"author":[{"embeddable":true,"href":"https:\/\/www.bk-werkstofftechnik.com\/en\/wp-json\/wp\/v2\/users\/4"}],"replies":[{"embeddable":true,"href":"https:\/\/www.bk-werkstofftechnik.com\/en\/wp-json\/wp\/v2\/comments?post=916"}],"version-history":[{"count":1,"href":"https:\/\/www.bk-werkstofftechnik.com\/en\/wp-json\/wp\/v2\/pages\/916\/revisions"}],"predecessor-version":[{"id":917,"href":"https:\/\/www.bk-werkstofftechnik.com\/en\/wp-json\/wp\/v2\/pages\/916\/revisions\/917"}],"wp:attachment":[{"href":"https:\/\/www.bk-werkstofftechnik.com\/en\/wp-json\/wp\/v2\/media?parent=916"}],"curies":[{"name":"wp","href":"https:\/\/api.w.org\/{rel}","templated":true}]}}