{"id":499,"date":"2019-05-16T17:19:07","date_gmt":"2019-05-16T17:19:07","guid":{"rendered":"https:\/\/www.bk-werkstofftechnik.com\/en\/?page_id=499"},"modified":"2025-01-24T09:34:06","modified_gmt":"2025-01-24T09:34:06","slug":"careers","status":"publish","type":"page","link":"https:\/\/www.bk-werkstofftechnik.com\/en\/careers\/","title":{"rendered":"Careers"},"content":{"rendered":"<div class=\"row\">\n<div class=\"col-xs-12 col-md-6\">\n<p>Clients choose Applus+ BKW for our competence, quality and reliability in the field of materials testing.Thanks to our highly qualified team, many years of experience and investment in equipment, our customers include renowned companies in the aerospace, automotive, wind energy and general industry sectors.<\/p>\n<p>To realise our ambitious goals for growth, we need your capabilities.<\/p>\n<p>We can offer you:<\/p>\n<ul>\n<li>a future-proof workplace<\/li>\n<li>a modern and friendly working environment<\/li>\n<li>a role with diversity and autonomy<\/li>\n<li>a qualified induction, with further training and development opportunities<\/li>\n<\/ul>\n<\/div>\n<div class=\"col-xs-12 col-md-6\">\n<div class=\"block\">\n<h3>Current Openings<\/h3>\n<ul>\n<li>Material tester &#8211; Metals <a href=\"https:\/\/www.bk-werkstofftechnik.com\/wp-content\/uploads\/Stellenausschreibung_Werkstoffprufer_BKW.pdf\">PDF<\/a><\/li>\n<li>Technical Employee &#8211; Metallography <a href=\"https:\/\/www.bk-werkstofftechnik.com\/wp-content\/uploads\/Stellenausschreibung_TA_BKW.pdf\">PDF<\/a><\/li>\n<\/ul>\n<p><strong>Interested by the position?<\/strong> Looking to join a progressive and ambitious team? Send your CV to <a href=\"mailto:info.bkw@applus.com\">info.bkw@applus.com<\/a>.<\/p>\n<\/div>\n<\/div>\n<\/div>\n<p><!--more--><\/p>\n","protected":false},"excerpt":{"rendered":"<p>Clients choose Applus+ BKW for our competence, quality and reliability in the field of materials testing.Thanks to our highly qualified team, many years of experience and investment in equipment, our customers include renowned companies in the aerospace, automotive, wind energy and general industry sectors. To realise our ambitious goals for growth, we need your capabilities. [&hellip;]<\/p>\n","protected":false},"author":1,"featured_media":0,"parent":0,"menu_order":0,"comment_status":"closed","ping_status":"closed","template":"page-templates\/page-header.php","meta":{"_acf_changed":false,"_en_post_content":"<div class=\"row\">\r\n<div class=\"col-xs-12 col-md-6\">\r\n\r\nClients choose Applus+ BKW for our competence, quality and reliability in the field of materials testing.Thanks to our highly qualified team, many years of experience and investment in equipment, our customers include renowned companies in the aerospace, automotive, wind energy and general industry sectors.\r\n\r\nTo realise our ambitious goals for growth, we need your capabilities.\r\n\r\nWe can offer you:\r\n<ul>\r\n \t<li>a future-proof workplace<\/li>\r\n \t<li>a modern and friendly working environment<\/li>\r\n \t<li>a role with diversity and autonomy<\/li>\r\n \t<li>a qualified induction, with further training and development opportunities<\/li>\r\n<\/ul>\r\n<\/div>\r\n<div class=\"col-xs-12 col-md-6\">\r\n<div class=\"block\">\r\n<h3>Current Openings<\/h3>\r\n<ul>\r\n \t<li>Material tester - Metals <a href=\"https:\/\/www.bk-werkstofftechnik.com\/wp-content\/uploads\/Stellenausschreibung_Werkstoffprufer_BKW.pdf\">PDF<\/a><\/li>\r\n \t<li>Technical Employee - Metallography <a href=\"https:\/\/www.bk-werkstofftechnik.com\/wp-content\/uploads\/Stellenausschreibung_TA_BKW.pdf\">PDF<\/a><\/li>\r\n<\/ul>\r\n<strong>Interested by the position?<\/strong> Looking to join a progressive and ambitious team? Send your CV to <a href=\"mailto:info.bkw@applus.com\">info.bkw@applus.com<\/a>.\r\n\r\n<\/div>\r\n<\/div>\r\n<\/div>\r\n<!--more-->","_en_post_name":"careers","_en_post_excerpt":"","_en_post_title":"Careers","_de_post_content":"<div class=\"row\">\r\n<div class=\"col-xs-12 col-md-6\">\r\n\r\nDie Applus+ BKW steht f\u00fcr Kompetenz, Qualit\u00e4t und Zuverl\u00e4ssigkeit im Bereich der Werkstoffpr\u00fcfung.\r\n\r\nDank unseres hochqualifizierten Teams, unserer jahrelangen Erfahrung und unseres umfangreichen Equipments z\u00e4hlen namhafte Firmen aus der Luftfahrt, Automobilindustrie, Windenergietechnik und der allgemeinen Industrie zu unseren Kunden.\r\n\r\nUm unsere ehrgeizigen Wachstumsziele zu realisieren, ben\u00f6tigen wir Ihre Unterst\u00fctzung.\r\n\r\nWir bieten:\r\n<ul>\r\n \t<li>einen zukunftssicheren Arbeitsplatz<\/li>\r\n \t<li>ein modernes und kollegiales Arbeitsumfeld<\/li>\r\n \t<li>ein vielf\u00e4ltiges und eigenverantwortliches Aufgabengebiet<\/li>\r\n \t<li>eine qualifizierte Einarbeitung und Weiterbildung<\/li>\r\n \t<li>beste Entwicklungsm\u00f6glichkeiten<\/li>\r\n<\/ul>\r\n<\/div>\r\n<div class=\"col-xs-12 col-md-6\">\r\n<div class=\"block\">\r\n<h3>Aktuelle Stellenangebote<\/h3>\r\n<ul>\r\n \t<li>Werkstoffpr\u00fcfer \/ Metalltechnik (m\/w\/d) <a href=\"https:\/\/www.bk-werkstofftechnik.com\/wp-content\/uploads\/Stellenausschreibung_Werkstoffprufer_BKW.pdf\">PDF<\/a><\/li>\r\n \t<li>Technischer Mitarbeiter \/ Metallographie <a href=\"https:\/\/www.bk-werkstofftechnik.com\/wp-content\/uploads\/Stellenausschreibung_TA_BKW.pdf\">PDF<\/a><\/li>\r\n<\/ul>\r\n<strong>Haben Sie Interesse?<\/strong> M\u00f6chten Sie in einem modernen und ehrgeizigen Team arbeiten? Bitte senden Sie Ihre Unterlagen an <a href=\"mailto:info.bkw@applus.com\">info.bkw@applus.com<\/a>.\r\n\r\n<\/div>\r\n<\/div>\r\n<\/div>","_de_post_name":"jobs","_de_post_excerpt":"","_de_post_title":"Jobs","edit_language":"en","footnotes":""},"class_list":["post-499","page","type-page","status-publish","hentry"],"acf":[],"yoast_head":"<!-- This site is optimized with the Yoast SEO plugin v27.6 - https:\/\/yoast.com\/product\/yoast-seo-wordpress\/ -->\n<title>Job opportunities - Applus+ BKW, Materials testing at a high level<\/title>\n<meta name=\"description\" content=\"Would you like to join our team? Click and apply for a vacancy waiting for you.\" \/>\n<meta name=\"robots\" content=\"index, follow, max-snippet:-1, max-image-preview:large, max-video-preview:-1\" \/>\n<link rel=\"canonical\" href=\"https:\/\/www.bk-werkstofftechnik.com\/de\/jobs\/\" \/>\n<meta property=\"og:locale\" content=\"en_US\" \/>\n<meta property=\"og:type\" content=\"article\" \/>\n<meta property=\"og:title\" content=\"Job opportunities - Applus+ BKW, Materials testing at a high level\" \/>\n<meta property=\"og:description\" content=\"Would you like to join our team? Click and apply for a vacancy waiting for you.\" \/>\n<meta property=\"og:url\" content=\"https:\/\/www.bk-werkstofftechnik.com\/de\/jobs\/\" \/>\n<meta property=\"og:site_name\" content=\"Applus+ BKW, Materials testing at a high level\" \/>\n<meta property=\"article:modified_time\" content=\"2025-01-24T09:34:06+00:00\" \/>\n<meta name=\"twitter:card\" content=\"summary_large_image\" \/>\n<script type=\"application\/ld+json\" class=\"yoast-schema-graph\">{\"@context\":\"https:\\\/\\\/schema.org\",\"@graph\":[{\"@type\":\"WebPage\",\"@id\":\"https:\\\/\\\/www.bk-werkstofftechnik.com\\\/de\\\/jobs\\\/\",\"url\":\"https:\\\/\\\/www.bk-werkstofftechnik.com\\\/de\\\/jobs\\\/\",\"name\":\"Job opportunities - Applus+ BKW, Materials testing at a high level\",\"isPartOf\":{\"@id\":\"https:\\\/\\\/www.bk-werkstofftechnik.com\\\/en\\\/#website\"},\"datePublished\":\"2019-05-16T17:19:07+00:00\",\"dateModified\":\"2025-01-24T09:34:06+00:00\",\"description\":\"Would you like to join our team? Click and apply for a vacancy waiting for you.\",\"breadcrumb\":{\"@id\":\"https:\\\/\\\/www.bk-werkstofftechnik.com\\\/de\\\/jobs\\\/#breadcrumb\"},\"inLanguage\":\"en-EU\",\"potentialAction\":[{\"@type\":\"ReadAction\",\"target\":[\"https:\\\/\\\/www.bk-werkstofftechnik.com\\\/de\\\/jobs\\\/\"]}]},{\"@type\":\"BreadcrumbList\",\"@id\":\"https:\\\/\\\/www.bk-werkstofftechnik.com\\\/de\\\/jobs\\\/#breadcrumb\",\"itemListElement\":[{\"@type\":\"ListItem\",\"position\":1,\"name\":\"Home\",\"item\":\"https:\\\/\\\/www.bk-werkstofftechnik.com\\\/en\\\/\"},{\"@type\":\"ListItem\",\"position\":2,\"name\":\"Careers\"}]},{\"@type\":\"WebSite\",\"@id\":\"https:\\\/\\\/www.bk-werkstofftechnik.com\\\/en\\\/#website\",\"url\":\"https:\\\/\\\/www.bk-werkstofftechnik.com\\\/en\\\/\",\"name\":\"Applus+ BKW, Materials testing at a high level\",\"description\":\"\",\"publisher\":{\"@id\":\"https:\\\/\\\/www.bk-werkstofftechnik.com\\\/en\\\/#organization\"},\"potentialAction\":[{\"@type\":\"SearchAction\",\"target\":{\"@type\":\"EntryPoint\",\"urlTemplate\":\"https:\\\/\\\/www.bk-werkstofftechnik.com\\\/en\\\/?s={search_term_string}\"},\"query-input\":{\"@type\":\"PropertyValueSpecification\",\"valueRequired\":true,\"valueName\":\"search_term_string\"}}],\"inLanguage\":\"en-EU\"},{\"@type\":\"Organization\",\"@id\":\"https:\\\/\\\/www.bk-werkstofftechnik.com\\\/en\\\/#organization\",\"name\":\"Applus+ BKW\",\"url\":\"https:\\\/\\\/www.bk-werkstofftechnik.com\\\/en\\\/\",\"logo\":{\"@type\":\"ImageObject\",\"inLanguage\":\"en-EU\",\"@id\":\"https:\\\/\\\/www.bk-werkstofftechnik.com\\\/en\\\/#\\\/schema\\\/logo\\\/image\\\/\",\"url\":\"https:\\\/\\\/www.bk-werkstofftechnik.com\\\/wp-content\\\/uploads\\\/logo-applus-BKW.png\",\"contentUrl\":\"https:\\\/\\\/www.bk-werkstofftechnik.com\\\/wp-content\\\/uploads\\\/logo-applus-BKW.png\",\"width\":179,\"height\":85,\"caption\":\"Applus+ BKW\"},\"image\":{\"@id\":\"https:\\\/\\\/www.bk-werkstofftechnik.com\\\/en\\\/#\\\/schema\\\/logo\\\/image\\\/\"}}]}<\/script>\n<!-- \/ Yoast SEO plugin. -->","yoast_head_json":{"title":"Job opportunities - Applus+ BKW, Materials testing at a high level","description":"Would you like to join our team? Click and apply for a vacancy waiting for you.","robots":{"index":"index","follow":"follow","max-snippet":"max-snippet:-1","max-image-preview":"max-image-preview:large","max-video-preview":"max-video-preview:-1"},"canonical":"https:\/\/www.bk-werkstofftechnik.com\/de\/jobs\/","og_locale":"en_US","og_type":"article","og_title":"Job opportunities - Applus+ BKW, Materials testing at a high level","og_description":"Would you like to join our team? Click and apply for a vacancy waiting for you.","og_url":"https:\/\/www.bk-werkstofftechnik.com\/de\/jobs\/","og_site_name":"Applus+ BKW, Materials testing at a high level","article_modified_time":"2025-01-24T09:34:06+00:00","twitter_card":"summary_large_image","schema":{"@context":"https:\/\/schema.org","@graph":[{"@type":"WebPage","@id":"https:\/\/www.bk-werkstofftechnik.com\/de\/jobs\/","url":"https:\/\/www.bk-werkstofftechnik.com\/de\/jobs\/","name":"Job opportunities - Applus+ BKW, Materials testing at a high level","isPartOf":{"@id":"https:\/\/www.bk-werkstofftechnik.com\/en\/#website"},"datePublished":"2019-05-16T17:19:07+00:00","dateModified":"2025-01-24T09:34:06+00:00","description":"Would you like to join our team? Click and apply for a vacancy waiting for you.","breadcrumb":{"@id":"https:\/\/www.bk-werkstofftechnik.com\/de\/jobs\/#breadcrumb"},"inLanguage":"en-EU","potentialAction":[{"@type":"ReadAction","target":["https:\/\/www.bk-werkstofftechnik.com\/de\/jobs\/"]}]},{"@type":"BreadcrumbList","@id":"https:\/\/www.bk-werkstofftechnik.com\/de\/jobs\/#breadcrumb","itemListElement":[{"@type":"ListItem","position":1,"name":"Home","item":"https:\/\/www.bk-werkstofftechnik.com\/en\/"},{"@type":"ListItem","position":2,"name":"Careers"}]},{"@type":"WebSite","@id":"https:\/\/www.bk-werkstofftechnik.com\/en\/#website","url":"https:\/\/www.bk-werkstofftechnik.com\/en\/","name":"Applus+ BKW, Materials testing at a high level","description":"","publisher":{"@id":"https:\/\/www.bk-werkstofftechnik.com\/en\/#organization"},"potentialAction":[{"@type":"SearchAction","target":{"@type":"EntryPoint","urlTemplate":"https:\/\/www.bk-werkstofftechnik.com\/en\/?s={search_term_string}"},"query-input":{"@type":"PropertyValueSpecification","valueRequired":true,"valueName":"search_term_string"}}],"inLanguage":"en-EU"},{"@type":"Organization","@id":"https:\/\/www.bk-werkstofftechnik.com\/en\/#organization","name":"Applus+ BKW","url":"https:\/\/www.bk-werkstofftechnik.com\/en\/","logo":{"@type":"ImageObject","inLanguage":"en-EU","@id":"https:\/\/www.bk-werkstofftechnik.com\/en\/#\/schema\/logo\/image\/","url":"https:\/\/www.bk-werkstofftechnik.com\/wp-content\/uploads\/logo-applus-BKW.png","contentUrl":"https:\/\/www.bk-werkstofftechnik.com\/wp-content\/uploads\/logo-applus-BKW.png","width":179,"height":85,"caption":"Applus+ BKW"},"image":{"@id":"https:\/\/www.bk-werkstofftechnik.com\/en\/#\/schema\/logo\/image\/"}}]}},"_links":{"self":[{"href":"https:\/\/www.bk-werkstofftechnik.com\/en\/wp-json\/wp\/v2\/pages\/499","targetHints":{"allow":["GET"]}}],"collection":[{"href":"https:\/\/www.bk-werkstofftechnik.com\/en\/wp-json\/wp\/v2\/pages"}],"about":[{"href":"https:\/\/www.bk-werkstofftechnik.com\/en\/wp-json\/wp\/v2\/types\/page"}],"author":[{"embeddable":true,"href":"https:\/\/www.bk-werkstofftechnik.com\/en\/wp-json\/wp\/v2\/users\/1"}],"replies":[{"embeddable":true,"href":"https:\/\/www.bk-werkstofftechnik.com\/en\/wp-json\/wp\/v2\/comments?post=499"}],"version-history":[{"count":2,"href":"https:\/\/www.bk-werkstofftechnik.com\/en\/wp-json\/wp\/v2\/pages\/499\/revisions"}],"predecessor-version":[{"id":988,"href":"https:\/\/www.bk-werkstofftechnik.com\/en\/wp-json\/wp\/v2\/pages\/499\/revisions\/988"}],"wp:attachment":[{"href":"https:\/\/www.bk-werkstofftechnik.com\/en\/wp-json\/wp\/v2\/media?parent=499"}],"curies":[{"name":"wp","href":"https:\/\/api.w.org\/{rel}","templated":true}]}}