{"id":241,"date":"2019-01-03T12:28:02","date_gmt":"2019-01-03T11:28:02","guid":{"rendered":"http:\/\/localhost\/bkw\/web\/?page_id=241"},"modified":"2026-04-10T09:55:37","modified_gmt":"2026-04-10T09:55:37","slug":"accreditations-and-certifications","status":"publish","type":"page","link":"https:\/\/www.bk-werkstofftechnik.com\/en\/accreditations-and-certifications\/","title":{"rendered":"Accreditations and Approvals"},"content":{"rendered":"<p>We are accredited by DAkkS in accordance with DIN EN ISO\/IEC 17025 for well in excess of 100 testing procedures. In addition, we have achieved repeatedly accreditation in accordance with Nadcap for the aerospace industry. BKW is a Tier 1 supplier for Airbus and has corresponding Airbus qualifications for 63 testing procedures, including 12 Category 1 procedures.<\/p>\n<div class=\"row cert\">\n<div class=\"col-xs-12 col-md-4\"><img loading=\"lazy\" decoding=\"async\" class=\"img-fluid alignnone\" src=\"https:\/\/www.bk-werkstofftechnik.com\/wp-content\/uploads\/D-PL-11336-01-00_DAkkS_Symbol_RGB_1.1.png\" alt=\"Dakks\" width=\"1024\" height=\"640\" \/><\/div>\n<div class=\"col-xs-12 col-md-6\">\n<h3>DAkkS<\/h3>\n<p>DAkkS Accreditation<\/p>\n<ul>\n<li><a href=\"https:\/\/www.bk-werkstofftechnik.com\/wp-content\/uploads\/DAkkS_Akkreditierungsurkunde_D-PL-11336-01-00-mit-Anlagen_komplett_2024-04-30.pdf\" target=\"_blank\" rel=\"noopener noreferrer\">Certificate &amp; Scope Download<\/a><\/li>\n<li><a href=\"https:\/\/www.bk-werkstofftechnik.com\/wp-content\/uploads\/qh202a01_Normenliste-der-flexiblen-Akkreditierung_2026-04-09.pdf\" target=\"_blank\" rel=\"noopener\">List of Standards for Flexible Accreditation Category A Download<\/a><\/li>\n<\/ul>\n<\/div>\n<\/div>\n<div class=\"row cert\">\n<div class=\"col-xs-12 col-md-4\"><img decoding=\"async\" class=\"img-fluid\" src=\"https:\/\/www.bk-werkstofftechnik.com\/wp-content\/uploads\/nadcap_logo.jpg\" alt=\"Nadcap\" \/><\/div>\n<div class=\"col-xs-12 col-md-6\">\n<h3>Nadcap<\/h3>\n<p>Nadcap Certificate Materials Testing<br \/>\n(Expiration Date: 31 May 2027)<\/p>\n<ul>\n<li><a href=\"https:\/\/www.bk-werkstofftechnik.com\/wp-content\/uploads\/Certificate-Nadcap-Aerospace-Materials-Testing-Laboratories-audit-240068.pdf\" target=\"_blank\" rel=\"noopener noreferrer\">Certificate Download<\/a><\/li>\n<li><a href=\"https:\/\/www.bk-werkstofftechnik.com\/wp-content\/uploads\/Scope-Of-Accreditation-Nadcap-Aerospace-Materials-Testing-Laboratories-audit-240068.pdf\" target=\"_blank\" rel=\"noopener noreferrer\">Scope Download<\/a><\/li>\n<\/ul>\n<\/div>\n<\/div>\n<div class=\"row cert\">\n<div class=\"col-xs-12 col-md-4\"><\/div>\n<div class=\"col-xs-12 col-md-6\">\n<h3>Airbus<\/h3>\n<p>Airbus Testing Qualification<\/p>\n<ul>\n<li><a href=\"https:\/\/www.bk-werkstofftechnik.com\/wp-content\/uploads\/QTML_Qualification_Attestation_143041_16.08.2024_09_59_53.pdf\" target=\"_blank\" rel=\"noopener noreferrer\">Certificate &amp; Scope Download<\/a><\/li>\n<\/ul>\n<p>Non-destructive testing<\/p>\n<ul>\n<li>EN 9712 for testing in the industrial sector<\/li>\n<li>EN 4179 for testing in the field of aviation.<\/li>\n<li>Pressure Equipment Directive (PED) 97\/23\/EG<\/li>\n<\/ul>\n<\/div>\n<\/div>\n<p>&nbsp;<\/p>\n<p style=\"margin-top: 36px;\">We are part of the Applus+ Laboratories Division with multiple sites accredited by other national and industry accreditation bodies. <a href=\"https:\/\/www.appluslaboratories.com\/en\/aboutUs\/acreditations-and-recognition\" target=\"_blank\" rel=\"noopener noreferrer\">Consult all the accreditations and approvals of Applus+ network of laboratories.<\/a><\/p>\n","protected":false},"excerpt":{"rendered":"<p>We are accredited by DAkkS in accordance with DIN EN ISO\/IEC 17025 for well in excess of 100 testing procedures. In addition, we have achieved repeatedly accreditation in accordance with Nadcap for the aerospace industry. BKW is a Tier 1 supplier for Airbus and has corresponding Airbus qualifications for 63 testing procedures, including 12 Category [&hellip;]<\/p>\n","protected":false},"author":1,"featured_media":0,"parent":0,"menu_order":0,"comment_status":"closed","ping_status":"closed","template":"","meta":{"_acf_changed":false,"_en_post_content":"We are accredited by DAkkS in accordance with DIN EN ISO\/IEC 17025 for well in excess of 100 testing procedures. In addition, we have achieved repeatedly accreditation in accordance with Nadcap for the aerospace industry. BKW is a Tier 1 supplier for Airbus and has corresponding Airbus qualifications for 63 testing procedures, including 12 Category 1 procedures.\r\n<div class=\"row cert\">\r\n<div class=\"col-xs-12 col-md-4\"><img class=\"img-fluid alignnone\" src=\"https:\/\/www.bk-werkstofftechnik.com\/wp-content\/uploads\/D-PL-11336-01-00_DAkkS_Symbol_RGB_1.1.png\" alt=\"Dakks\" width=\"1024\" height=\"640\" \/><\/div>\r\n<div class=\"col-xs-12 col-md-6\">\r\n<h3>DAkkS<\/h3>\r\nDAkkS Accreditation\r\n<ul>\r\n \t<li><a href=\"https:\/\/www.bk-werkstofftechnik.com\/wp-content\/uploads\/DAkkS_Akkreditierungsurkunde_D-PL-11336-01-00-mit-Anlagen_komplett_2024-04-30.pdf\" target=\"_blank\" rel=\"noopener noreferrer\">Certificate &amp; Scope Download<\/a><\/li>\r\n \t<li><a href=\"https:\/\/www.bk-werkstofftechnik.com\/wp-content\/uploads\/qh202a01_Normenliste-der-flexiblen-Akkreditierung_2026-04-09.pdf\" target=\"_blank\" rel=\"noopener\">List of Standards for Flexible Accreditation Category A Download<\/a><\/li>\r\n<\/ul>\r\n<\/div>\r\n<\/div>\r\n<div class=\"row cert\">\r\n<div class=\"col-xs-12 col-md-4\"><img class=\"img-fluid\" src=\"https:\/\/www.bk-werkstofftechnik.com\/wp-content\/uploads\/nadcap_logo.jpg\" alt=\"Nadcap\" \/><\/div>\r\n<div class=\"col-xs-12 col-md-6\">\r\n<h3>Nadcap<\/h3>\r\nNadcap Certificate Materials Testing\r\n(Expiration Date: 31 May 2027)\r\n<ul>\r\n \t<li><a href=\"https:\/\/www.bk-werkstofftechnik.com\/wp-content\/uploads\/Certificate-Nadcap-Aerospace-Materials-Testing-Laboratories-audit-240068.pdf\" target=\"_blank\" rel=\"noopener noreferrer\">Certificate Download<\/a><\/li>\r\n \t<li><a href=\"https:\/\/www.bk-werkstofftechnik.com\/wp-content\/uploads\/Scope-Of-Accreditation-Nadcap-Aerospace-Materials-Testing-Laboratories-audit-240068.pdf\" target=\"_blank\" rel=\"noopener noreferrer\">Scope Download<\/a><\/li>\r\n<\/ul>\r\n<\/div>\r\n<\/div>\r\n<div class=\"row cert\">\r\n<div class=\"col-xs-12 col-md-4\"><\/div>\r\n<div class=\"col-xs-12 col-md-6\">\r\n<h3>Airbus<\/h3>\r\nAirbus Testing Qualification\r\n<ul>\r\n \t<li><a href=\"https:\/\/www.bk-werkstofftechnik.com\/wp-content\/uploads\/QTML_Qualification_Attestation_143041_16.08.2024_09_59_53.pdf\" target=\"_blank\" rel=\"noopener noreferrer\">Certificate &amp; Scope Download<\/a><\/li>\r\n<\/ul>\r\nNon-destructive testing\r\n<ul>\r\n \t<li>EN 9712 for testing in the industrial sector<\/li>\r\n \t<li>EN 4179 for testing in the field of aviation.<\/li>\r\n \t<li>Pressure Equipment Directive (PED) 97\/23\/EG<\/li>\r\n<\/ul>\r\n<\/div>\r\n<\/div>\r\n&nbsp;\r\n<p style=\"margin-top: 36px;\">We are part of the Applus+ Laboratories Division with multiple sites accredited by other national and industry accreditation bodies. <a href=\"https:\/\/www.appluslaboratories.com\/en\/aboutUs\/acreditations-and-recognition\" target=\"_blank\" rel=\"noopener noreferrer\">Consult all the accreditations and approvals of Applus+ network of laboratories.<\/a><\/p>","_en_post_name":"accreditations-and-certifications","_en_post_excerpt":"","_en_post_title":"Accreditations and Approvals","_de_post_content":"Wir sind akkreditiert nach DAkkS in \u00dcbereinstimmung mit DIN EN ISO\/IEC 17025 f\u00fcr mehr als 100 Testverfahren. Au\u00dferdem haben wir wiederholt die Akkreditierung nach NADCAP f\u00fcr die Luftfahrtindustrie erreicht. Applus+BKW ist ein Zulieferer der Stufe Tier 1 von Airbus und ist f\u00fcr 63 Testverfahren qualifiziert, darunter 12 Kategorie-1-Verfahren.\r\n<div class=\"row cert\">\r\n<div class=\"col-xs-12 col-md-4\"><img class=\"img-fluid\" src=\"https:\/\/www.bk-werkstofftechnik.com\/wp-content\/uploads\/D-PL-11336-01-00_DAkkS_Symbol_RGB_1.1.png\" alt=\"Dakks\" \/><\/div>\r\n<div class=\"col-xs-12 col-md-6\">\r\n<h3>DAkkS<\/h3>\r\nDAkkS Akkreditierung\r\n<ul>\r\n \t<li><a href=\"https:\/\/www.bk-werkstofftechnik.com\/wp-content\/uploads\/DAkkS_Akkreditierungsurkunde_D-PL-11336-01-00-mit-Anlagen_komplett_2024-04-30.pdf\" target=\"_blank\" rel=\"noopener noreferrer\">Zertifikat &amp; Umfang Download<\/a><\/li>\r\n \t<li><a href=\"https:\/\/www.bk-werkstofftechnik.com\/wp-content\/uploads\/qh202a01_Normenliste-der-flexiblen-Akkreditierung_2026-04-09.pdf\" target=\"_blank\" rel=\"noopener\">Normenliste der Flexiblen Akkreditierung Kategorie A - Download<\/a><\/li>\r\n<\/ul>\r\n<\/div>\r\n<\/div>\r\n<div class=\"row cert\">\r\n<div class=\"col-xs-12 col-md-4\"><img class=\"img-fluid\" src=\"https:\/\/www.bk-werkstofftechnik.com\/wp-content\/uploads\/nadcap_logo.jpg\" alt=\"Nadcap\" \/><\/div>\r\n<div class=\"col-xs-12 col-md-6\">\r\n<h3>Nadcap<\/h3>\r\nNadcap Urkunde Materials Testing\r\n\r\n(Ablaufdatum: 31.05.2027)\r\n<ul>\r\n \t<li><a href=\"https:\/\/www.bk-werkstofftechnik.com\/wp-content\/uploads\/Certificate-Nadcap-Aerospace-Materials-Testing-Laboratories-audit-240068.pdf\" target=\"_blank\" rel=\"noopener\">Zertifikat Download<\/a><\/li>\r\n \t<li><a href=\"https:\/\/www.bk-werkstofftechnik.com\/wp-content\/uploads\/Scope-Of-Accreditation-Nadcap-Aerospace-Materials-Testing-Laboratories-audit-240068.pdf\" target=\"_blank\" rel=\"noopener\">Umfang Download<\/a><\/li>\r\n<\/ul>\r\n<\/div>\r\n<\/div>\r\n<div class=\"row cert\">\r\n<div class=\"col-xs-12 col-md-4\"><\/div>\r\n<div class=\"col-xs-12 col-md-6\">\r\n<h3>Airbus<\/h3>\r\nAirbus Testing Qualification\r\n<ul>\r\n \t<li><a href=\"https:\/\/www.bk-werkstofftechnik.com\/wp-content\/uploads\/QTML_Qualification_Attestation_143041_16.08.2024_09_59_53.pdf\" target=\"_blank\" rel=\"noopener\">Certificate &amp; Scope Download<\/a><\/li>\r\n<\/ul>\r\nZerst\u00f6rungsfreie Pr\u00fcfung:\r\n<ul>\r\n \t<li>EN 9712 for testing in the industrial sector<\/li>\r\n \t<li>EN 4179 for testing in the field of aviation<\/li>\r\n \t<li>Pressure Equipment Directive (PED) 97\/23\/EG<\/li>\r\n<\/ul>\r\n<\/div>\r\n<\/div>\r\n&nbsp;\r\n<ul>\r\n \t<li><a href=\"https:\/\/www.bk-werkstofftechnik.com\/wp-content\/uploads\/Mechanisch-technologische-Pr\u00fcfungen-an-metallischen-Werkstoffen.pdf\" target=\"_blank\" rel=\"noopener noreferrer\">Mechanisch-technologische Pr\u00fcfungen an metallischen Werkstoffen<\/a><\/li>\r\n \t<li><a href=\"https:\/\/www.bk-werkstofftechnik.com\/wp-content\/uploads\/Mechanisch-technologische-Pr\u00fcfungen-an-nichtmetallischen-Werkstoffen.pdf\" target=\"_blank\" rel=\"noopener noreferrer\">Mechanisch-technologische Pr\u00fcfungen an nichtmetallischen Werkstoffen<\/a><\/li>\r\n \t<li><a href=\"https:\/\/www.bk-werkstofftechnik.com\/wp-content\/uploads\/Metallographische-Pr\u00fcfverfahren.pdf\" target=\"_blank\" rel=\"noopener noreferrer\">Metallographische Pr\u00fcfverfahren<\/a><\/li>\r\n \t<li><a href=\"https:\/\/www.bk-werkstofftechnik.com\/wp-content\/uploads\/Korrosionspr\u00fcfungen.pdf\" target=\"_blank\" rel=\"noopener noreferrer\">Korrosionspr\u00fcfungen<\/a><\/li>\r\n \t<li><a href=\"https:\/\/www.bk-werkstofftechnik.com\/wp-content\/uploads\/Funkenemissionsspektrometrie.pdf\" target=\"_blank\" rel=\"noopener noreferrer\">Funkenemissionsspektrometrie<\/a><\/li>\r\n \t<li><a href=\"https:\/\/www.bk-werkstofftechnik.com\/wp-content\/uploads\/Zerst\u00f6rungsfreie-Pr\u00fcfverfahren.pdf\" target=\"_blank\" rel=\"noopener noreferrer\">Zerst\u00f6rungsfreie Pr\u00fcfverfahren<\/a><\/li>\r\n<\/ul>\r\n<p style=\"margin-top: 36px;\">Wir sind Teil der Division Applus+ Laboratories mit diversen weiteren Standorten und Akkreditierungen unterschiedlicher nationaler sowie industriespezifischer Akkreditierungsorganisationen. <a href=\"https:\/\/www.appluslaboratories.com\/en\/aboutUs\/acreditations-and-recognition\" target=\"_blank\" rel=\"noopener noreferrer\">Konsultieren sie alle Akkreditierungen des Labornetzwerkes von Applus+<\/a>.<\/p>","_de_post_name":"akkreditierungen-und-zertifzierungen","_de_post_excerpt":"","_de_post_title":"Akkreditierungen und Zertifizierungen","edit_language":"en","footnotes":""},"class_list":["post-241","page","type-page","status-publish","hentry"],"acf":[],"yoast_head":"<!-- This site is optimized with the Yoast SEO plugin v27.6 - https:\/\/yoast.com\/product\/yoast-seo-wordpress\/ -->\n<title>Accreditations and Approvals - Applus+ BKW, Materials testing at a high level<\/title>\n<meta name=\"description\" content=\"We are part of Applus+ Laboratories, with multiple sites accredited by national and industry accreditation bodies such as DAkkS, Nadcap or Airbus.\" \/>\n<meta name=\"robots\" content=\"index, follow, max-snippet:-1, max-image-preview:large, max-video-preview:-1\" \/>\n<link rel=\"canonical\" href=\"https:\/\/www.bk-werkstofftechnik.com\/en\/accreditations-and-certifications\/\" \/>\n<meta property=\"og:locale\" content=\"en_US\" \/>\n<meta property=\"og:type\" content=\"article\" \/>\n<meta property=\"og:title\" content=\"Accreditations and Approvals - Applus+ BKW, Materials testing at a high level\" \/>\n<meta property=\"og:description\" content=\"We are part of Applus+ Laboratories, with multiple sites accredited by national and industry accreditation bodies such as DAkkS, Nadcap or Airbus.\" \/>\n<meta property=\"og:url\" content=\"https:\/\/www.bk-werkstofftechnik.com\/en\/accreditations-and-certifications\/\" \/>\n<meta property=\"og:site_name\" content=\"Applus+ BKW, Materials testing at a high level\" \/>\n<meta property=\"article:modified_time\" content=\"2026-04-10T09:55:37+00:00\" \/>\n<meta property=\"og:image\" content=\"https:\/\/www.bk-werkstofftechnik.com\/wp-content\/uploads\/D-PL-11336-01-00_DAkkS_Symbol_RGB_1.1.png\" \/>\n<meta name=\"twitter:card\" content=\"summary_large_image\" \/>\n<script type=\"application\/ld+json\" class=\"yoast-schema-graph\">{\"@context\":\"https:\\\/\\\/schema.org\",\"@graph\":[{\"@type\":\"WebPage\",\"@id\":\"https:\\\/\\\/www.bk-werkstofftechnik.com\\\/en\\\/accreditations-and-certifications\\\/\",\"url\":\"https:\\\/\\\/www.bk-werkstofftechnik.com\\\/en\\\/accreditations-and-certifications\\\/\",\"name\":\"Accreditations and Approvals - Applus+ BKW, Materials testing at a high level\",\"isPartOf\":{\"@id\":\"https:\\\/\\\/www.bk-werkstofftechnik.com\\\/en\\\/#website\"},\"primaryImageOfPage\":{\"@id\":\"https:\\\/\\\/www.bk-werkstofftechnik.com\\\/en\\\/accreditations-and-certifications\\\/#primaryimage\"},\"image\":{\"@id\":\"https:\\\/\\\/www.bk-werkstofftechnik.com\\\/en\\\/accreditations-and-certifications\\\/#primaryimage\"},\"thumbnailUrl\":\"https:\\\/\\\/www.bk-werkstofftechnik.com\\\/wp-content\\\/uploads\\\/D-PL-11336-01-00_DAkkS_Symbol_RGB_1.1.png\",\"datePublished\":\"2019-01-03T11:28:02+00:00\",\"dateModified\":\"2026-04-10T09:55:37+00:00\",\"description\":\"We are part of Applus+ Laboratories, with multiple sites accredited by national and industry accreditation bodies such as DAkkS, Nadcap or Airbus.\",\"breadcrumb\":{\"@id\":\"https:\\\/\\\/www.bk-werkstofftechnik.com\\\/en\\\/accreditations-and-certifications\\\/#breadcrumb\"},\"inLanguage\":\"en-EU\",\"potentialAction\":[{\"@type\":\"ReadAction\",\"target\":[\"https:\\\/\\\/www.bk-werkstofftechnik.com\\\/en\\\/accreditations-and-certifications\\\/\"]}]},{\"@type\":\"ImageObject\",\"inLanguage\":\"en-EU\",\"@id\":\"https:\\\/\\\/www.bk-werkstofftechnik.com\\\/en\\\/accreditations-and-certifications\\\/#primaryimage\",\"url\":\"https:\\\/\\\/www.bk-werkstofftechnik.com\\\/wp-content\\\/uploads\\\/D-PL-11336-01-00_DAkkS_Symbol_RGB_1.1.png\",\"contentUrl\":\"https:\\\/\\\/www.bk-werkstofftechnik.com\\\/wp-content\\\/uploads\\\/D-PL-11336-01-00_DAkkS_Symbol_RGB_1.1.png\"},{\"@type\":\"BreadcrumbList\",\"@id\":\"https:\\\/\\\/www.bk-werkstofftechnik.com\\\/en\\\/accreditations-and-certifications\\\/#breadcrumb\",\"itemListElement\":[{\"@type\":\"ListItem\",\"position\":1,\"name\":\"Home\",\"item\":\"https:\\\/\\\/www.bk-werkstofftechnik.com\\\/en\\\/\"},{\"@type\":\"ListItem\",\"position\":2,\"name\":\"Accreditations and Approvals\"}]},{\"@type\":\"WebSite\",\"@id\":\"https:\\\/\\\/www.bk-werkstofftechnik.com\\\/en\\\/#website\",\"url\":\"https:\\\/\\\/www.bk-werkstofftechnik.com\\\/en\\\/\",\"name\":\"Applus+ BKW, Materials testing at a high level\",\"description\":\"\",\"publisher\":{\"@id\":\"https:\\\/\\\/www.bk-werkstofftechnik.com\\\/en\\\/#organization\"},\"potentialAction\":[{\"@type\":\"SearchAction\",\"target\":{\"@type\":\"EntryPoint\",\"urlTemplate\":\"https:\\\/\\\/www.bk-werkstofftechnik.com\\\/en\\\/?s={search_term_string}\"},\"query-input\":{\"@type\":\"PropertyValueSpecification\",\"valueRequired\":true,\"valueName\":\"search_term_string\"}}],\"inLanguage\":\"en-EU\"},{\"@type\":\"Organization\",\"@id\":\"https:\\\/\\\/www.bk-werkstofftechnik.com\\\/en\\\/#organization\",\"name\":\"Applus+ BKW\",\"url\":\"https:\\\/\\\/www.bk-werkstofftechnik.com\\\/en\\\/\",\"logo\":{\"@type\":\"ImageObject\",\"inLanguage\":\"en-EU\",\"@id\":\"https:\\\/\\\/www.bk-werkstofftechnik.com\\\/en\\\/#\\\/schema\\\/logo\\\/image\\\/\",\"url\":\"https:\\\/\\\/www.bk-werkstofftechnik.com\\\/wp-content\\\/uploads\\\/logo-applus-BKW.png\",\"contentUrl\":\"https:\\\/\\\/www.bk-werkstofftechnik.com\\\/wp-content\\\/uploads\\\/logo-applus-BKW.png\",\"width\":179,\"height\":85,\"caption\":\"Applus+ BKW\"},\"image\":{\"@id\":\"https:\\\/\\\/www.bk-werkstofftechnik.com\\\/en\\\/#\\\/schema\\\/logo\\\/image\\\/\"}}]}<\/script>\n<!-- \/ Yoast SEO plugin. -->","yoast_head_json":{"title":"Accreditations and Approvals - Applus+ BKW, Materials testing at a high level","description":"We are part of Applus+ Laboratories, with multiple sites accredited by national and industry accreditation bodies such as DAkkS, Nadcap or Airbus.","robots":{"index":"index","follow":"follow","max-snippet":"max-snippet:-1","max-image-preview":"max-image-preview:large","max-video-preview":"max-video-preview:-1"},"canonical":"https:\/\/www.bk-werkstofftechnik.com\/en\/accreditations-and-certifications\/","og_locale":"en_US","og_type":"article","og_title":"Accreditations and Approvals - Applus+ BKW, Materials testing at a high level","og_description":"We are part of Applus+ Laboratories, with multiple sites accredited by national and industry accreditation bodies such as DAkkS, Nadcap or Airbus.","og_url":"https:\/\/www.bk-werkstofftechnik.com\/en\/accreditations-and-certifications\/","og_site_name":"Applus+ BKW, Materials testing at a high level","article_modified_time":"2026-04-10T09:55:37+00:00","og_image":[{"url":"https:\/\/www.bk-werkstofftechnik.com\/wp-content\/uploads\/D-PL-11336-01-00_DAkkS_Symbol_RGB_1.1.png","type":"","width":"","height":""}],"twitter_card":"summary_large_image","schema":{"@context":"https:\/\/schema.org","@graph":[{"@type":"WebPage","@id":"https:\/\/www.bk-werkstofftechnik.com\/en\/accreditations-and-certifications\/","url":"https:\/\/www.bk-werkstofftechnik.com\/en\/accreditations-and-certifications\/","name":"Accreditations and Approvals - Applus+ BKW, Materials testing at a high level","isPartOf":{"@id":"https:\/\/www.bk-werkstofftechnik.com\/en\/#website"},"primaryImageOfPage":{"@id":"https:\/\/www.bk-werkstofftechnik.com\/en\/accreditations-and-certifications\/#primaryimage"},"image":{"@id":"https:\/\/www.bk-werkstofftechnik.com\/en\/accreditations-and-certifications\/#primaryimage"},"thumbnailUrl":"https:\/\/www.bk-werkstofftechnik.com\/wp-content\/uploads\/D-PL-11336-01-00_DAkkS_Symbol_RGB_1.1.png","datePublished":"2019-01-03T11:28:02+00:00","dateModified":"2026-04-10T09:55:37+00:00","description":"We are part of Applus+ Laboratories, with multiple sites accredited by national and industry accreditation bodies such as DAkkS, Nadcap or Airbus.","breadcrumb":{"@id":"https:\/\/www.bk-werkstofftechnik.com\/en\/accreditations-and-certifications\/#breadcrumb"},"inLanguage":"en-EU","potentialAction":[{"@type":"ReadAction","target":["https:\/\/www.bk-werkstofftechnik.com\/en\/accreditations-and-certifications\/"]}]},{"@type":"ImageObject","inLanguage":"en-EU","@id":"https:\/\/www.bk-werkstofftechnik.com\/en\/accreditations-and-certifications\/#primaryimage","url":"https:\/\/www.bk-werkstofftechnik.com\/wp-content\/uploads\/D-PL-11336-01-00_DAkkS_Symbol_RGB_1.1.png","contentUrl":"https:\/\/www.bk-werkstofftechnik.com\/wp-content\/uploads\/D-PL-11336-01-00_DAkkS_Symbol_RGB_1.1.png"},{"@type":"BreadcrumbList","@id":"https:\/\/www.bk-werkstofftechnik.com\/en\/accreditations-and-certifications\/#breadcrumb","itemListElement":[{"@type":"ListItem","position":1,"name":"Home","item":"https:\/\/www.bk-werkstofftechnik.com\/en\/"},{"@type":"ListItem","position":2,"name":"Accreditations and Approvals"}]},{"@type":"WebSite","@id":"https:\/\/www.bk-werkstofftechnik.com\/en\/#website","url":"https:\/\/www.bk-werkstofftechnik.com\/en\/","name":"Applus+ BKW, Materials testing at a high level","description":"","publisher":{"@id":"https:\/\/www.bk-werkstofftechnik.com\/en\/#organization"},"potentialAction":[{"@type":"SearchAction","target":{"@type":"EntryPoint","urlTemplate":"https:\/\/www.bk-werkstofftechnik.com\/en\/?s={search_term_string}"},"query-input":{"@type":"PropertyValueSpecification","valueRequired":true,"valueName":"search_term_string"}}],"inLanguage":"en-EU"},{"@type":"Organization","@id":"https:\/\/www.bk-werkstofftechnik.com\/en\/#organization","name":"Applus+ BKW","url":"https:\/\/www.bk-werkstofftechnik.com\/en\/","logo":{"@type":"ImageObject","inLanguage":"en-EU","@id":"https:\/\/www.bk-werkstofftechnik.com\/en\/#\/schema\/logo\/image\/","url":"https:\/\/www.bk-werkstofftechnik.com\/wp-content\/uploads\/logo-applus-BKW.png","contentUrl":"https:\/\/www.bk-werkstofftechnik.com\/wp-content\/uploads\/logo-applus-BKW.png","width":179,"height":85,"caption":"Applus+ BKW"},"image":{"@id":"https:\/\/www.bk-werkstofftechnik.com\/en\/#\/schema\/logo\/image\/"}}]}},"_links":{"self":[{"href":"https:\/\/www.bk-werkstofftechnik.com\/en\/wp-json\/wp\/v2\/pages\/241","targetHints":{"allow":["GET"]}}],"collection":[{"href":"https:\/\/www.bk-werkstofftechnik.com\/en\/wp-json\/wp\/v2\/pages"}],"about":[{"href":"https:\/\/www.bk-werkstofftechnik.com\/en\/wp-json\/wp\/v2\/types\/page"}],"author":[{"embeddable":true,"href":"https:\/\/www.bk-werkstofftechnik.com\/en\/wp-json\/wp\/v2\/users\/1"}],"replies":[{"embeddable":true,"href":"https:\/\/www.bk-werkstofftechnik.com\/en\/wp-json\/wp\/v2\/comments?post=241"}],"version-history":[{"count":3,"href":"https:\/\/www.bk-werkstofftechnik.com\/en\/wp-json\/wp\/v2\/pages\/241\/revisions"}],"predecessor-version":[{"id":1021,"href":"https:\/\/www.bk-werkstofftechnik.com\/en\/wp-json\/wp\/v2\/pages\/241\/revisions\/1021"}],"wp:attachment":[{"href":"https:\/\/www.bk-werkstofftechnik.com\/en\/wp-json\/wp\/v2\/media?parent=241"}],"curies":[{"name":"wp","href":"https:\/\/api.w.org\/{rel}","templated":true}]}}