{"id":239,"date":"2019-01-03T12:25:35","date_gmt":"2019-01-03T12:25:35","guid":{"rendered":"http:\/\/localhost\/bkw\/web\/?page_id=239"},"modified":"2022-07-29T11:07:04","modified_gmt":"2022-07-29T11:07:04","slug":"spectral-analysis","status":"publish","type":"page","link":"https:\/\/www.bk-werkstofftechnik.com\/en\/materials-testing\/spectral-analysis\/","title":{"rendered":"Spectral analysis"},"content":{"rendered":"<h2>Determining the chemical composition of materials<\/h2>\n<p>The chemical composition of <a href=\"https:\/\/www.bk-werkstofftechnik.com\/en\/materials-testing\/destructive-materials-testing-on-metallic-materials\/\" target=\"_blank\" rel=\"noopener\">metallic materials<\/a> is determined with the help of spectral analysis. In the process materials can be identified or verified.<\/p>\n<p>The positive material identification tests, also called PMI tests, are of vital importance for the traceability of materials. Material mixups can lead to considerable damages and must be ruled out unconditionally, especially in sensitive, security-relevant areas.<br \/>\nFrequent applications for chemical analysis inspections of incoming materials and outgoing materials.<\/p>\n<p>We have 3 stationary and 2 mobile spectrometers, which all work in accordance with the optical emission procedure (OES). Thus we are able to perform a chemical analysis in our laboratory and at the client\u2019s location.<\/p>\n<p>Due to the great number of analytical programs we are in a position to determine nearly all concentration ranges with high accuracy.<\/p>\n<p>We analyse the following base materials in-house:<\/p>\n<ul>\n<li>Iron<\/li>\n<li>Aluminium<\/li>\n<li>Nickel<\/li>\n<li>Copper<\/li>\n<li>Titanium<\/li>\n<li>Cobalt<\/li>\n<li>Magnesium<\/li>\n<li>Zinc<\/li>\n<\/ul>\n<p>We are able to analyse the following base materials in our mobile laboratories:<\/p>\n<ul>\n<li>Iron<\/li>\n<li>Aluminium<\/li>\n<li>Nickel<\/li>\n<li>Copper<\/li>\n<\/ul>\n","protected":false},"excerpt":{"rendered":"<p>Determining the chemical composition of materials The chemical composition of metallic materials is determined with the help of spectral analysis. In the process materials can be identified or verified. The positive material identification tests, also called PMI tests, are of vital importance for the traceability of materials. Material mixups can lead to considerable damages and [&hellip;]<\/p>\n","protected":false},"author":1,"featured_media":306,"parent":26,"menu_order":5,"comment_status":"closed","ping_status":"closed","template":"page-templates\/page-servicios.php","meta":{"_acf_changed":false,"_en_post_content":"<h2>Determining the chemical composition of materials<\/h2>\r\nThe chemical composition of <a href=\"https:\/\/www.bk-werkstofftechnik.com\/en\/materials-testing\/destructive-materials-testing-on-metallic-materials\/\" target=\"_blank\" rel=\"noopener\">metallic materials<\/a> is determined with the help of spectral analysis. In the process materials can be identified or verified.\r\n\r\nThe positive material identification tests, also called PMI tests, are of vital importance for the traceability of materials. Material mixups can lead to considerable damages and must be ruled out unconditionally, especially in sensitive, security-relevant areas.\r\nFrequent applications for chemical analysis inspections of incoming materials and outgoing materials.\r\n\r\nWe have 3 stationary and 2 mobile spectrometers, which all work in accordance with the optical emission procedure (OES). Thus we are able to perform a chemical analysis in our laboratory and at the client\u2019s location.\r\n\r\nDue to the great number of analytical programs we are in a position to determine nearly all concentration ranges with high accuracy.\r\n\r\nWe analyse the following base materials in-house:\r\n<ul>\r\n \t<li>Iron<\/li>\r\n \t<li>Aluminium<\/li>\r\n \t<li>Nickel<\/li>\r\n \t<li>Copper<\/li>\r\n \t<li>Titanium<\/li>\r\n \t<li>Cobalt<\/li>\r\n \t<li>Magnesium<\/li>\r\n \t<li>Zinc<\/li>\r\n<\/ul>\r\nWe are able to analyse the following base materials in our mobile laboratories:\r\n<ul>\r\n \t<li>Iron<\/li>\r\n \t<li>Aluminium<\/li>\r\n \t<li>Nickel<\/li>\r\n \t<li>Copper<\/li>\r\n<\/ul>","_en_post_name":"spectral-analysis","_en_post_excerpt":"","_en_post_title":"Spectral analysis","_de_post_content":"<div id=\"cc-m-7696002386\" class=\"j-module n j-header \">\r\n<h2 id=\"cc-m-header-7696002386\" class=\"\">Ermittlung der chemischen Zusammensetzung von Werkstoffen<\/h2>\r\nMit Hilfe der Spektralanalyse wird die chemische Zusammensetzung von <a href=\"https:\/\/www.bk-werkstofftechnik.com\/de\/werkstoffprufung\/zerstorende-werkstoffprufungen-an-metallischen-werkstoffen\/\" target=\"_blank\" rel=\"noopener\">metallischen Werkstoffen<\/a> ermittelt. Dabei k\u00f6nnen Werkstoffe identifiziert oder best\u00e4tigt werden..\r\n\r\nDie Verwechslungspr\u00fcfungen, oder auch PMI-Test (Positiv Material Identifikation Test) genannt, sind f\u00fcr die R\u00fcckverfolgbarkeit von Materialien von elementarer Bedeutung. Materialverwechslungen k\u00f6nnen zu erheblichen Sch\u00e4den f\u00fchren und m\u00fcssen gerade in sensiblen, sicherheitsrelevanten Bereichen unbedingt ausgeschlossen werden.\r\n\r\nH\u00e4ufige Anwendungsbereiche f\u00fcr die chemische Analyse sind die Materialeingangskontrolle und die Materialausgangskontrolle.\r\n\r\nWir verf\u00fcgen \u00fcber 3 station\u00e4re und 2 mobile Spektrometer, die alle nach dem optischen Emissionsverfahren (OES) arbeiten. Somit k\u00f6nnen wir eine chemische Analyse sowohl in unserem Labor als auch beim Kunden durchf\u00fchren.\r\n\r\nAufgrund der Vielzahl an analytischen Programmen sind wir in der Lage, nahezu alle Konzentrationsbereiche bei hoher Genauigkeit zu ermitteln.\r\n<div>\r\n<div id=\"cc-m-textwithimage-7696005286\" class=\"cc-m-textwithimage-inline-rte\" data-name=\"text\" data-action=\"text\">\r\n\r\nFolgende Basiswerkstoffe analysieren wir station\u00e4r:\r\n<ul>\r\n \t<li>Eisen<\/li>\r\n \t<li>Aluminium<\/li>\r\n \t<li>Nickel<\/li>\r\n \t<li>Kupfer<\/li>\r\n \t<li>Titan<\/li>\r\n \t<li>Kobalt<\/li>\r\n \t<li>Magnesium<\/li>\r\n \t<li>Zink<\/li>\r\n<\/ul>\r\nMobil sind wir in der Lage folgende Basiswerkstoffe zu analysieren:\r\n<ul>\r\n \t<li>Eisen<\/li>\r\n \t<li>Aluminium<\/li>\r\n \t<li>Nickel<\/li>\r\n \t<li>Kupfer<\/li>\r\n<\/ul>\r\n<\/div>\r\n<\/div>\r\n<\/div>","_de_post_name":"spektralanalyse","_de_post_excerpt":"","_de_post_title":"Spektralanalyse","edit_language":"en","footnotes":""},"class_list":["post-239","page","type-page","status-publish","has-post-thumbnail","hentry"],"acf":{"photo_gallery":{"imagenes":[[{"id":306,"title":"Spectral analysis","caption":"","full_image_url":"https:\/\/www.bk-werkstofftechnik.com\/wp-content\/uploads\/spectral-analysis-1.jpg","thumbnail_image_url":"https:\/\/www.bk-werkstofftechnik.com\/wp-content\/uploads\/spectral-analysis-1-150x106.jpg","large_srcset":"https:\/\/www.bk-werkstofftechnik.com\/wp-content\/uploads\/spectral-analysis-1-1024x721.jpg 1024w, https:\/\/www.bk-werkstofftechnik.com\/wp-content\/uploads\/spectral-analysis-1-450x317.jpg 450w, https:\/\/www.bk-werkstofftechnik.com\/wp-content\/uploads\/spectral-analysis-1-150x106.jpg 150w, https:\/\/www.bk-werkstofftechnik.com\/wp-content\/uploads\/spectral-analysis-1-768x540.jpg 768w, https:\/\/www.bk-werkstofftechnik.com\/wp-content\/uploads\/spectral-analysis-1-320x225.jpg 320w, https:\/\/www.bk-werkstofftechnik.com\/wp-content\/uploads\/spectral-analysis-1.jpg 1181w","medium_srcset":"https:\/\/www.bk-werkstofftechnik.com\/wp-content\/uploads\/spectral-analysis-1-450x317.jpg 450w, https:\/\/www.bk-werkstofftechnik.com\/wp-content\/uploads\/spectral-analysis-1-150x106.jpg 150w, https:\/\/www.bk-werkstofftechnik.com\/wp-content\/uploads\/spectral-analysis-1-768x540.jpg 768w, https:\/\/www.bk-werkstofftechnik.com\/wp-content\/uploads\/spectral-analysis-1-1024x721.jpg 1024w, https:\/\/www.bk-werkstofftechnik.com\/wp-content\/uploads\/spectral-analysis-1-320x225.jpg 320w, https:\/\/www.bk-werkstofftechnik.com\/wp-content\/uploads\/spectral-analysis-1.jpg 1181w","media_details":{"width":1181,"height":831,"sizes":{"medium":{"file":"spectral-analysis-1-450x317.jpg","width":450,"height":317,"mime-type":"image\/jpeg","source_url":"https:\/\/www.bk-werkstofftechnik.com\/wp-content\/uploads\/spectral-analysis-1-450x317.jpg"},"thumbnail":{"file":"spectral-analysis-1-150x106.jpg","width":150,"height":106,"mime-type":"image\/jpeg","source_url":"https:\/\/www.bk-werkstofftechnik.com\/wp-content\/uploads\/spectral-analysis-1-150x106.jpg"},"medium_large":{"file":"spectral-analysis-1-768x540.jpg","width":768,"height":540,"mime-type":"image\/jpeg","source_url":"https:\/\/www.bk-werkstofftechnik.com\/wp-content\/uploads\/spectral-analysis-1-768x540.jpg"},"large":{"file":"spectral-analysis-1-1024x721.jpg","width":1024,"height":721,"mime-type":"image\/jpeg","source_url":"https:\/\/www.bk-werkstofftechnik.com\/wp-content\/uploads\/spectral-analysis-1-1024x721.jpg"},"medium_old_320x225":{"file":"spectral-analysis-1-320x225.jpg","width":320,"height":225,"mime-type":"image\/jpeg","source_url":"https:\/\/www.bk-werkstofftechnik.com\/wp-content\/uploads\/spectral-analysis-1-320x225.jpg"}}},"alt_text":"Spectral analysis","url":"","target":""},{"id":307,"title":"spectral-analysis-2","caption":"","full_image_url":"https:\/\/www.bk-werkstofftechnik.com\/wp-content\/uploads\/spectral-analysis-2.jpg","thumbnail_image_url":"https:\/\/www.bk-werkstofftechnik.com\/wp-content\/uploads\/spectral-analysis-2-150x106.jpg","large_srcset":"https:\/\/www.bk-werkstofftechnik.com\/wp-content\/uploads\/spectral-analysis-2-1024x721.jpg 1024w, https:\/\/www.bk-werkstofftechnik.com\/wp-content\/uploads\/spectral-analysis-2-150x106.jpg 150w, https:\/\/www.bk-werkstofftechnik.com\/wp-content\/uploads\/spectral-analysis-2-320x225.jpg 320w, https:\/\/www.bk-werkstofftechnik.com\/wp-content\/uploads\/spectral-analysis-2-768x540.jpg 768w, https:\/\/www.bk-werkstofftechnik.com\/wp-content\/uploads\/spectral-analysis-2.jpg 1181w","medium_srcset":"https:\/\/www.bk-werkstofftechnik.com\/wp-content\/uploads\/spectral-analysis-2-320x225.jpg 320w, https:\/\/www.bk-werkstofftechnik.com\/wp-content\/uploads\/spectral-analysis-2-150x106.jpg 150w, https:\/\/www.bk-werkstofftechnik.com\/wp-content\/uploads\/spectral-analysis-2-768x540.jpg 768w, https:\/\/www.bk-werkstofftechnik.com\/wp-content\/uploads\/spectral-analysis-2-1024x721.jpg 1024w, https:\/\/www.bk-werkstofftechnik.com\/wp-content\/uploads\/spectral-analysis-2.jpg 1181w","media_details":{"width":1181,"height":831,"sizes":{"thumbnail":{"file":"spectral-analysis-2-150x106.jpg","width":150,"height":106,"mime-type":"image\/jpeg","source_url":"https:\/\/www.bk-werkstofftechnik.com\/wp-content\/uploads\/spectral-analysis-2-150x106.jpg"},"medium":{"file":"spectral-analysis-2-320x225.jpg","width":320,"height":225,"mime-type":"image\/jpeg","source_url":"https:\/\/www.bk-werkstofftechnik.com\/wp-content\/uploads\/spectral-analysis-2-320x225.jpg"},"medium_large":{"file":"spectral-analysis-2-768x540.jpg","width":768,"height":540,"mime-type":"image\/jpeg","source_url":"https:\/\/www.bk-werkstofftechnik.com\/wp-content\/uploads\/spectral-analysis-2-768x540.jpg"},"large":{"file":"spectral-analysis-2-1024x721.jpg","width":1024,"height":721,"mime-type":"image\/jpeg","source_url":"https:\/\/www.bk-werkstofftechnik.com\/wp-content\/uploads\/spectral-analysis-2-1024x721.jpg"}}},"alt_text":"","url":"","target":""},{"id":308,"title":"spectral-analysis-3","caption":"","full_image_url":"https:\/\/www.bk-werkstofftechnik.com\/wp-content\/uploads\/spectral-analysis-3.jpg","thumbnail_image_url":"https:\/\/www.bk-werkstofftechnik.com\/wp-content\/uploads\/spectral-analysis-3-150x106.jpg","large_srcset":"https:\/\/www.bk-werkstofftechnik.com\/wp-content\/uploads\/spectral-analysis-3-1024x721.jpg 1024w, https:\/\/www.bk-werkstofftechnik.com\/wp-content\/uploads\/spectral-analysis-3-150x106.jpg 150w, https:\/\/www.bk-werkstofftechnik.com\/wp-content\/uploads\/spectral-analysis-3-320x225.jpg 320w, https:\/\/www.bk-werkstofftechnik.com\/wp-content\/uploads\/spectral-analysis-3-768x540.jpg 768w, https:\/\/www.bk-werkstofftechnik.com\/wp-content\/uploads\/spectral-analysis-3.jpg 1181w","medium_srcset":"https:\/\/www.bk-werkstofftechnik.com\/wp-content\/uploads\/spectral-analysis-3-320x225.jpg 320w, https:\/\/www.bk-werkstofftechnik.com\/wp-content\/uploads\/spectral-analysis-3-150x106.jpg 150w, https:\/\/www.bk-werkstofftechnik.com\/wp-content\/uploads\/spectral-analysis-3-768x540.jpg 768w, https:\/\/www.bk-werkstofftechnik.com\/wp-content\/uploads\/spectral-analysis-3-1024x721.jpg 1024w, https:\/\/www.bk-werkstofftechnik.com\/wp-content\/uploads\/spectral-analysis-3.jpg 1181w","media_details":{"width":1181,"height":831,"sizes":{"thumbnail":{"file":"spectral-analysis-3-150x106.jpg","width":150,"height":106,"mime-type":"image\/jpeg","source_url":"https:\/\/www.bk-werkstofftechnik.com\/wp-content\/uploads\/spectral-analysis-3-150x106.jpg"},"medium":{"file":"spectral-analysis-3-320x225.jpg","width":320,"height":225,"mime-type":"image\/jpeg","source_url":"https:\/\/www.bk-werkstofftechnik.com\/wp-content\/uploads\/spectral-analysis-3-320x225.jpg"},"medium_large":{"file":"spectral-analysis-3-768x540.jpg","width":768,"height":540,"mime-type":"image\/jpeg","source_url":"https:\/\/www.bk-werkstofftechnik.com\/wp-content\/uploads\/spectral-analysis-3-768x540.jpg"},"large":{"file":"spectral-analysis-3-1024x721.jpg","width":1024,"height":721,"mime-type":"image\/jpeg","source_url":"https:\/\/www.bk-werkstofftechnik.com\/wp-content\/uploads\/spectral-analysis-3-1024x721.jpg"}}},"alt_text":"","url":"","target":""},{"id":309,"title":"spectral-analysis-4","caption":"","full_image_url":"https:\/\/www.bk-werkstofftechnik.com\/wp-content\/uploads\/spectral-analysis-4.jpg","thumbnail_image_url":"https:\/\/www.bk-werkstofftechnik.com\/wp-content\/uploads\/spectral-analysis-4-150x106.jpg","large_srcset":"https:\/\/www.bk-werkstofftechnik.com\/wp-content\/uploads\/spectral-analysis-4-1024x721.jpg 1024w, https:\/\/www.bk-werkstofftechnik.com\/wp-content\/uploads\/spectral-analysis-4-150x106.jpg 150w, https:\/\/www.bk-werkstofftechnik.com\/wp-content\/uploads\/spectral-analysis-4-320x225.jpg 320w, https:\/\/www.bk-werkstofftechnik.com\/wp-content\/uploads\/spectral-analysis-4-768x540.jpg 768w, https:\/\/www.bk-werkstofftechnik.com\/wp-content\/uploads\/spectral-analysis-4.jpg 1181w","medium_srcset":"https:\/\/www.bk-werkstofftechnik.com\/wp-content\/uploads\/spectral-analysis-4-320x225.jpg 320w, https:\/\/www.bk-werkstofftechnik.com\/wp-content\/uploads\/spectral-analysis-4-150x106.jpg 150w, https:\/\/www.bk-werkstofftechnik.com\/wp-content\/uploads\/spectral-analysis-4-768x540.jpg 768w, https:\/\/www.bk-werkstofftechnik.com\/wp-content\/uploads\/spectral-analysis-4-1024x721.jpg 1024w, https:\/\/www.bk-werkstofftechnik.com\/wp-content\/uploads\/spectral-analysis-4.jpg 1181w","media_details":{"width":1181,"height":831,"sizes":{"thumbnail":{"file":"spectral-analysis-4-150x106.jpg","width":150,"height":106,"mime-type":"image\/jpeg","source_url":"https:\/\/www.bk-werkstofftechnik.com\/wp-content\/uploads\/spectral-analysis-4-150x106.jpg"},"medium":{"file":"spectral-analysis-4-320x225.jpg","width":320,"height":225,"mime-type":"image\/jpeg","source_url":"https:\/\/www.bk-werkstofftechnik.com\/wp-content\/uploads\/spectral-analysis-4-320x225.jpg"},"medium_large":{"file":"spectral-analysis-4-768x540.jpg","width":768,"height":540,"mime-type":"image\/jpeg","source_url":"https:\/\/www.bk-werkstofftechnik.com\/wp-content\/uploads\/spectral-analysis-4-768x540.jpg"},"large":{"file":"spectral-analysis-4-1024x721.jpg","width":1024,"height":721,"mime-type":"image\/jpeg","source_url":"https:\/\/www.bk-werkstofftechnik.com\/wp-content\/uploads\/spectral-analysis-4-1024x721.jpg"}}},"alt_text":"","url":"","target":""}]]}},"yoast_head":"<!-- This site is optimized with the Yoast SEO plugin v27.6 - https:\/\/yoast.com\/product\/yoast-seo-wordpress\/ -->\n<title>Spectral analysis for the chemical composition of materials - Applus+ BKW, Materials testing at a high level<\/title>\n<meta name=\"description\" content=\"We offer spectral analysis to determine the chemical composition of metallic materials, which can either be identified or verified.\" \/>\n<meta name=\"robots\" content=\"index, follow, max-snippet:-1, max-image-preview:large, max-video-preview:-1\" \/>\n<link rel=\"canonical\" href=\"https:\/\/www.bk-werkstofftechnik.com\/de\/werkstoffprufung\/spektralanalyse\/\" \/>\n<meta property=\"og:locale\" content=\"en_US\" \/>\n<meta property=\"og:type\" content=\"article\" \/>\n<meta property=\"og:title\" content=\"Spectral analysis for the chemical composition of materials - Applus+ BKW, Materials testing at a high level\" \/>\n<meta property=\"og:description\" content=\"We offer spectral analysis to determine the chemical composition of metallic materials, which can either be identified or verified.\" \/>\n<meta property=\"og:url\" content=\"https:\/\/www.bk-werkstofftechnik.com\/de\/werkstoffprufung\/spektralanalyse\/\" \/>\n<meta property=\"og:site_name\" content=\"Applus+ BKW, Materials testing at a high level\" \/>\n<meta property=\"article:modified_time\" content=\"2022-07-29T11:07:04+00:00\" \/>\n<meta property=\"og:image\" content=\"https:\/\/www.bk-werkstofftechnik.com\/wp-content\/uploads\/spectral-analysis-1.jpg\" \/>\n\t<meta property=\"og:image:width\" content=\"1181\" \/>\n\t<meta property=\"og:image:height\" content=\"831\" \/>\n\t<meta property=\"og:image:type\" content=\"image\/jpeg\" \/>\n<meta name=\"twitter:card\" content=\"summary_large_image\" \/>\n<script type=\"application\/ld+json\" class=\"yoast-schema-graph\">{\"@context\":\"https:\\\/\\\/schema.org\",\"@graph\":[{\"@type\":\"WebPage\",\"@id\":\"https:\\\/\\\/www.bk-werkstofftechnik.com\\\/de\\\/werkstoffprufung\\\/spektralanalyse\\\/\",\"url\":\"https:\\\/\\\/www.bk-werkstofftechnik.com\\\/de\\\/werkstoffprufung\\\/spektralanalyse\\\/\",\"name\":\"Spectral analysis for the chemical composition of materials - Applus+ BKW, Materials testing at a high level\",\"isPartOf\":{\"@id\":\"https:\\\/\\\/www.bk-werkstofftechnik.com\\\/en\\\/#website\"},\"primaryImageOfPage\":{\"@id\":\"https:\\\/\\\/www.bk-werkstofftechnik.com\\\/de\\\/werkstoffprufung\\\/spektralanalyse\\\/#primaryimage\"},\"image\":{\"@id\":\"https:\\\/\\\/www.bk-werkstofftechnik.com\\\/de\\\/werkstoffprufung\\\/spektralanalyse\\\/#primaryimage\"},\"thumbnailUrl\":\"https:\\\/\\\/www.bk-werkstofftechnik.com\\\/wp-content\\\/uploads\\\/spectral-analysis-1.jpg\",\"datePublished\":\"2019-01-03T12:25:35+00:00\",\"dateModified\":\"2022-07-29T11:07:04+00:00\",\"description\":\"We offer spectral analysis to determine the chemical composition of metallic materials, which can either be identified or verified.\",\"breadcrumb\":{\"@id\":\"https:\\\/\\\/www.bk-werkstofftechnik.com\\\/de\\\/werkstoffprufung\\\/spektralanalyse\\\/#breadcrumb\"},\"inLanguage\":\"en-EU\",\"potentialAction\":[{\"@type\":\"ReadAction\",\"target\":[\"https:\\\/\\\/www.bk-werkstofftechnik.com\\\/de\\\/werkstoffprufung\\\/spektralanalyse\\\/\"]}]},{\"@type\":\"ImageObject\",\"inLanguage\":\"en-EU\",\"@id\":\"https:\\\/\\\/www.bk-werkstofftechnik.com\\\/de\\\/werkstoffprufung\\\/spektralanalyse\\\/#primaryimage\",\"url\":\"https:\\\/\\\/www.bk-werkstofftechnik.com\\\/wp-content\\\/uploads\\\/spectral-analysis-1.jpg\",\"contentUrl\":\"https:\\\/\\\/www.bk-werkstofftechnik.com\\\/wp-content\\\/uploads\\\/spectral-analysis-1.jpg\",\"width\":1181,\"height\":831,\"caption\":\"Spectral analysis\"},{\"@type\":\"BreadcrumbList\",\"@id\":\"https:\\\/\\\/www.bk-werkstofftechnik.com\\\/de\\\/werkstoffprufung\\\/spektralanalyse\\\/#breadcrumb\",\"itemListElement\":[{\"@type\":\"ListItem\",\"position\":1,\"name\":\"Home\",\"item\":\"https:\\\/\\\/www.bk-werkstofftechnik.com\\\/en\\\/\"},{\"@type\":\"ListItem\",\"position\":2,\"name\":\"Materials testing\",\"item\":\"https:\\\/\\\/www.bk-werkstofftechnik.com\\\/de\\\/werkstoffprufung\\\/\"},{\"@type\":\"ListItem\",\"position\":3,\"name\":\"Spectral analysis\"}]},{\"@type\":\"WebSite\",\"@id\":\"https:\\\/\\\/www.bk-werkstofftechnik.com\\\/en\\\/#website\",\"url\":\"https:\\\/\\\/www.bk-werkstofftechnik.com\\\/en\\\/\",\"name\":\"Applus+ BKW, Materials testing at a high level\",\"description\":\"\",\"publisher\":{\"@id\":\"https:\\\/\\\/www.bk-werkstofftechnik.com\\\/en\\\/#organization\"},\"potentialAction\":[{\"@type\":\"SearchAction\",\"target\":{\"@type\":\"EntryPoint\",\"urlTemplate\":\"https:\\\/\\\/www.bk-werkstofftechnik.com\\\/en\\\/?s={search_term_string}\"},\"query-input\":{\"@type\":\"PropertyValueSpecification\",\"valueRequired\":true,\"valueName\":\"search_term_string\"}}],\"inLanguage\":\"en-EU\"},{\"@type\":\"Organization\",\"@id\":\"https:\\\/\\\/www.bk-werkstofftechnik.com\\\/en\\\/#organization\",\"name\":\"Applus+ BKW\",\"url\":\"https:\\\/\\\/www.bk-werkstofftechnik.com\\\/en\\\/\",\"logo\":{\"@type\":\"ImageObject\",\"inLanguage\":\"en-EU\",\"@id\":\"https:\\\/\\\/www.bk-werkstofftechnik.com\\\/en\\\/#\\\/schema\\\/logo\\\/image\\\/\",\"url\":\"https:\\\/\\\/www.bk-werkstofftechnik.com\\\/wp-content\\\/uploads\\\/logo-applus-BKW.png\",\"contentUrl\":\"https:\\\/\\\/www.bk-werkstofftechnik.com\\\/wp-content\\\/uploads\\\/logo-applus-BKW.png\",\"width\":179,\"height\":85,\"caption\":\"Applus+ BKW\"},\"image\":{\"@id\":\"https:\\\/\\\/www.bk-werkstofftechnik.com\\\/en\\\/#\\\/schema\\\/logo\\\/image\\\/\"}}]}<\/script>\n<!-- \/ Yoast SEO plugin. -->","yoast_head_json":{"title":"Spectral analysis for the chemical composition of materials - Applus+ BKW, Materials testing at a high level","description":"We offer spectral analysis to determine the chemical composition of metallic materials, which can either be identified or verified.","robots":{"index":"index","follow":"follow","max-snippet":"max-snippet:-1","max-image-preview":"max-image-preview:large","max-video-preview":"max-video-preview:-1"},"canonical":"https:\/\/www.bk-werkstofftechnik.com\/de\/werkstoffprufung\/spektralanalyse\/","og_locale":"en_US","og_type":"article","og_title":"Spectral analysis for the chemical composition of materials - Applus+ BKW, Materials testing at a high level","og_description":"We offer spectral analysis to determine the chemical composition of metallic materials, which can either be identified or verified.","og_url":"https:\/\/www.bk-werkstofftechnik.com\/de\/werkstoffprufung\/spektralanalyse\/","og_site_name":"Applus+ BKW, Materials testing at a high level","article_modified_time":"2022-07-29T11:07:04+00:00","og_image":[{"width":1181,"height":831,"url":"https:\/\/www.bk-werkstofftechnik.com\/wp-content\/uploads\/spectral-analysis-1.jpg","type":"image\/jpeg"}],"twitter_card":"summary_large_image","schema":{"@context":"https:\/\/schema.org","@graph":[{"@type":"WebPage","@id":"https:\/\/www.bk-werkstofftechnik.com\/de\/werkstoffprufung\/spektralanalyse\/","url":"https:\/\/www.bk-werkstofftechnik.com\/de\/werkstoffprufung\/spektralanalyse\/","name":"Spectral analysis for the chemical composition of materials - Applus+ BKW, Materials testing at a high level","isPartOf":{"@id":"https:\/\/www.bk-werkstofftechnik.com\/en\/#website"},"primaryImageOfPage":{"@id":"https:\/\/www.bk-werkstofftechnik.com\/de\/werkstoffprufung\/spektralanalyse\/#primaryimage"},"image":{"@id":"https:\/\/www.bk-werkstofftechnik.com\/de\/werkstoffprufung\/spektralanalyse\/#primaryimage"},"thumbnailUrl":"https:\/\/www.bk-werkstofftechnik.com\/wp-content\/uploads\/spectral-analysis-1.jpg","datePublished":"2019-01-03T12:25:35+00:00","dateModified":"2022-07-29T11:07:04+00:00","description":"We offer spectral analysis to determine the chemical composition of metallic materials, which can either be identified or verified.","breadcrumb":{"@id":"https:\/\/www.bk-werkstofftechnik.com\/de\/werkstoffprufung\/spektralanalyse\/#breadcrumb"},"inLanguage":"en-EU","potentialAction":[{"@type":"ReadAction","target":["https:\/\/www.bk-werkstofftechnik.com\/de\/werkstoffprufung\/spektralanalyse\/"]}]},{"@type":"ImageObject","inLanguage":"en-EU","@id":"https:\/\/www.bk-werkstofftechnik.com\/de\/werkstoffprufung\/spektralanalyse\/#primaryimage","url":"https:\/\/www.bk-werkstofftechnik.com\/wp-content\/uploads\/spectral-analysis-1.jpg","contentUrl":"https:\/\/www.bk-werkstofftechnik.com\/wp-content\/uploads\/spectral-analysis-1.jpg","width":1181,"height":831,"caption":"Spectral analysis"},{"@type":"BreadcrumbList","@id":"https:\/\/www.bk-werkstofftechnik.com\/de\/werkstoffprufung\/spektralanalyse\/#breadcrumb","itemListElement":[{"@type":"ListItem","position":1,"name":"Home","item":"https:\/\/www.bk-werkstofftechnik.com\/en\/"},{"@type":"ListItem","position":2,"name":"Materials testing","item":"https:\/\/www.bk-werkstofftechnik.com\/de\/werkstoffprufung\/"},{"@type":"ListItem","position":3,"name":"Spectral analysis"}]},{"@type":"WebSite","@id":"https:\/\/www.bk-werkstofftechnik.com\/en\/#website","url":"https:\/\/www.bk-werkstofftechnik.com\/en\/","name":"Applus+ BKW, Materials testing at a high level","description":"","publisher":{"@id":"https:\/\/www.bk-werkstofftechnik.com\/en\/#organization"},"potentialAction":[{"@type":"SearchAction","target":{"@type":"EntryPoint","urlTemplate":"https:\/\/www.bk-werkstofftechnik.com\/en\/?s={search_term_string}"},"query-input":{"@type":"PropertyValueSpecification","valueRequired":true,"valueName":"search_term_string"}}],"inLanguage":"en-EU"},{"@type":"Organization","@id":"https:\/\/www.bk-werkstofftechnik.com\/en\/#organization","name":"Applus+ BKW","url":"https:\/\/www.bk-werkstofftechnik.com\/en\/","logo":{"@type":"ImageObject","inLanguage":"en-EU","@id":"https:\/\/www.bk-werkstofftechnik.com\/en\/#\/schema\/logo\/image\/","url":"https:\/\/www.bk-werkstofftechnik.com\/wp-content\/uploads\/logo-applus-BKW.png","contentUrl":"https:\/\/www.bk-werkstofftechnik.com\/wp-content\/uploads\/logo-applus-BKW.png","width":179,"height":85,"caption":"Applus+ BKW"},"image":{"@id":"https:\/\/www.bk-werkstofftechnik.com\/en\/#\/schema\/logo\/image\/"}}]}},"_links":{"self":[{"href":"https:\/\/www.bk-werkstofftechnik.com\/en\/wp-json\/wp\/v2\/pages\/239","targetHints":{"allow":["GET"]}}],"collection":[{"href":"https:\/\/www.bk-werkstofftechnik.com\/en\/wp-json\/wp\/v2\/pages"}],"about":[{"href":"https:\/\/www.bk-werkstofftechnik.com\/en\/wp-json\/wp\/v2\/types\/page"}],"author":[{"embeddable":true,"href":"https:\/\/www.bk-werkstofftechnik.com\/en\/wp-json\/wp\/v2\/users\/1"}],"replies":[{"embeddable":true,"href":"https:\/\/www.bk-werkstofftechnik.com\/en\/wp-json\/wp\/v2\/comments?post=239"}],"version-history":[{"count":2,"href":"https:\/\/www.bk-werkstofftechnik.com\/en\/wp-json\/wp\/v2\/pages\/239\/revisions"}],"predecessor-version":[{"id":850,"href":"https:\/\/www.bk-werkstofftechnik.com\/en\/wp-json\/wp\/v2\/pages\/239\/revisions\/850"}],"up":[{"embeddable":true,"href":"https:\/\/www.bk-werkstofftechnik.com\/en\/wp-json\/wp\/v2\/pages\/26"}],"wp:featuredmedia":[{"embeddable":true,"href":"https:\/\/www.bk-werkstofftechnik.com\/en\/wp-json\/wp\/v2\/media\/306"}],"wp:attachment":[{"href":"https:\/\/www.bk-werkstofftechnik.com\/en\/wp-json\/wp\/v2\/media?parent=239"}],"curies":[{"name":"wp","href":"https:\/\/api.w.org\/{rel}","templated":true}]}}