{"id":237,"date":"2019-01-03T12:23:57","date_gmt":"2019-01-03T12:23:57","guid":{"rendered":"http:\/\/localhost\/bkw\/web\/?page_id=237"},"modified":"2022-07-29T11:05:25","modified_gmt":"2022-07-29T11:05:25","slug":"corrosion-tests","status":"publish","type":"page","link":"https:\/\/www.bk-werkstofftechnik.com\/en\/materials-testing\/corrosion-tests\/","title":{"rendered":"Corrosion tests"},"content":{"rendered":"<h2>Wear resistance testing for materials<\/h2>\n<p>In the corrosion test above all, statements are made about the wear resistance of materials vis-\u00e0-vis defined environmental conditions. Corrosion, along with mechanical load, is a major reason for the limitation of service life of components, machinery and plant equipment. In order to simulate the influences to which a material is exposed in practice, corresponding corrosion tests are performed. In this connection the material is exposed to a corrosive medium for a defined period of time at a defined temperature. Subsequently, the corrosion is assessed in accordance with various methods.<\/p>\n<p>In our laboratory we perform the following corrosion tests for you:<\/p>\n<ul>\n<li>Strau\u00df test: Tests the wear resistance of stainless steels to intercrystalline corrosion (DIN EN ISO 3651-2, formerly DIN 50914, ASTM A262 Method E)<\/li>\n<li>Determination of the wear resistance to intercrystalline corrosion in nickel-based alloys (DIN EN ISO 9400)<\/li>\n<li>Huey test: Wear resistance of stainless steels to local corrosion (DIN EN ISO 3651-1, formerly DIN 50921, ASTM A262 Method C)<\/li>\n<li>Tests the wear resistance of stainless steels to intercrystalline corrosion in boiling media (ASTM G28 Method A, ASTM A262 Method B Streicher test)<\/li>\n<li>Pitting test (ASTM G48 Method A)<\/li>\n<li>Intercrystalline corrosion in curable aluminium alloys (ASTM G110)<\/li>\n<li>Oxalic acid etch test per ASTM A262 Method A<\/li>\n<li>Testing of wear resistance to stress corrosion cracking with ammonia in accordance with ISO 6957<\/li>\n<li>Additional testing upon request<\/li>\n<\/ul>\n","protected":false},"excerpt":{"rendered":"<p>Wear resistance testing for materials In the corrosion test above all, statements are made about the wear resistance of materials vis-\u00e0-vis defined environmental conditions. Corrosion, along with mechanical load, is a major reason for the limitation of service life of components, machinery and plant equipment. In order to simulate the influences to which a material [&hellip;]<\/p>\n","protected":false},"author":1,"featured_media":302,"parent":26,"menu_order":5,"comment_status":"closed","ping_status":"closed","template":"page-templates\/page-servicios.php","meta":{"_acf_changed":false,"_en_post_content":"<h2>Wear resistance testing for materials<\/h2>\r\nIn the corrosion test above all, statements are made about the wear resistance of materials vis-\u00e0-vis defined environmental conditions. Corrosion, along with mechanical load, is a major reason for the limitation of service life of components, machinery and plant equipment. In order to simulate the influences to which a material is exposed in practice, corresponding corrosion tests are performed. In this connection the material is exposed to a corrosive medium for a defined period of time at a defined temperature. Subsequently, the corrosion is assessed in accordance with various methods.\r\n\r\nIn our laboratory we perform the following corrosion tests for you:\r\n<ul>\r\n \t<li>Strau\u00df test: Tests the wear resistance of stainless steels to intercrystalline corrosion (DIN EN ISO 3651-2, formerly DIN 50914, ASTM A262 Method E)<\/li>\r\n \t<li>Determination of the wear resistance to intercrystalline corrosion in nickel-based alloys (DIN EN ISO 9400)<\/li>\r\n \t<li>Huey test: Wear resistance of stainless steels to local corrosion (DIN EN ISO 3651-1, formerly DIN 50921, ASTM A262 Method C)<\/li>\r\n \t<li>Tests the wear resistance of stainless steels to intercrystalline corrosion in boiling media (ASTM G28 Method A, ASTM A262 Method B Streicher test)<\/li>\r\n \t<li>Pitting test (ASTM G48 Method A)<\/li>\r\n \t<li>Intercrystalline corrosion in curable aluminium alloys (ASTM G110)<\/li>\r\n \t<li>Oxalic acid etch test per ASTM A262 Method A<\/li>\r\n \t<li>Testing of wear resistance to stress corrosion cracking with ammonia in accordance with ISO 6957<\/li>\r\n \t<li>Additional testing upon request<\/li>\r\n<\/ul>","_en_post_name":"corrosion-tests","_en_post_excerpt":"","_en_post_title":"Corrosion tests","_de_post_content":"<div id=\"cc-m-7695994786\" class=\"j-module n j-header \">\r\n<h2 id=\"cc-m-header-7695994786\" class=\"\">Best\u00e4ndigkeitstests von Werkstoffen<\/h2>\r\nBei der Korrosionspr\u00fcfung werden in erster Linie Aussagen zur Best\u00e4ndigkeit von Werkstoffen gegen\u00fcber definierten Umgebungsbedingungen getroffen. Korrosion ist neben der mechanischen Beanspruchung eine ma\u00dfgebliche Ursache f\u00fcr die Begrenzung der Lebensdauer von Komponenten, Maschinen und Anlagen. Um die Einfl\u00fcsse, denen ein Werkstoff in der Praxis ausgesetzt ist, zu simulieren, werden entsprechende Korrosionspr\u00fcfungen durchgef\u00fchrt. Hierbei wird der Werkstoff f\u00fcr eine definierte Zeit, bei definierter Temperatur einem korrosiven Medium ausgesetzt. Anschlie\u00dfend wird nach unterschiedlichen Methoden der Korrosionsangriff beurteilt.\r\n<div id=\"cc-m-7695996386\" class=\"j-module n j-text \">\r\n\r\nIn unserem Labor f\u00fchren wir folgende Korrosionsversuche f\u00fcr Sie durch:\r\n<ul>\r\n \t<li>Strau\u00df-Test: Pr\u00fcfung der Best\u00e4ndigkeit von nichtrostenden St\u00e4hlen gegen interkristalline Korrosion (DIN EN ISO 3651-2, ehem. DIN 50914, ASTM A262 Methode E)<\/li>\r\n \t<li>Bestimmung der Best\u00e4ndigkeit gegen interkristalline Korrosion an Legierungen auf Nickelbasis (DIN EN ISO 9400)<\/li>\r\n \t<li>Huey-Test: Best\u00e4ndigkeit nicht rostender St\u00e4hle gegen \u00f6rtliche Korrosion (DIN EN ISO 3651-1, ehem. DIN 50921, ASTM A262 Methode C)<\/li>\r\n \t<li>Pr\u00fcfung der Best\u00e4ndigkeit von nichtrostenden St\u00e4hlen gegen interkristalline Korrosion in kochenden Medien (ASTM G28 Methode A, ASTM A262 Methode B Streicher-Test)<\/li>\r\n \t<li>Lochkorrosion bzw. Pitting-Test (ASTM G48 Methode A)<\/li>\r\n \t<li>Interkristalline Korrosion an aush\u00e4rtbaren Aluminiumlegierungen (ASTM G110)<\/li>\r\n \t<li>Oxal\u00e4tzs\u00e4ure-Test nach ASTM A262 Methode A<\/li>\r\n \t<li>Pr\u00fcfung der Best\u00e4ndigkeit gegen Spannungsrisskorrosion mit Ammoniak nach ISO 6957<\/li>\r\n \t<li>Weitere Pr\u00fcfverfahren auf Anfrage.<\/li>\r\n<\/ul>\r\n<\/div>\r\n<\/div>","_de_post_name":"korrosionsuntersuchungen","_de_post_excerpt":"","_de_post_title":"Korrosionsuntersuchungen","edit_language":"en","footnotes":""},"class_list":["post-237","page","type-page","status-publish","has-post-thumbnail","hentry"],"acf":{"photo_gallery":{"imagenes":[[{"id":302,"title":"Corrosion test","caption":"","full_image_url":"https:\/\/www.bk-werkstofftechnik.com\/wp-content\/uploads\/corrosion-test-1.jpg","thumbnail_image_url":"https:\/\/www.bk-werkstofftechnik.com\/wp-content\/uploads\/corrosion-test-1-150x106.jpg","large_srcset":"https:\/\/www.bk-werkstofftechnik.com\/wp-content\/uploads\/corrosion-test-1-1024x721.jpg 1024w, https:\/\/www.bk-werkstofftechnik.com\/wp-content\/uploads\/corrosion-test-1-450x317.jpg 450w, https:\/\/www.bk-werkstofftechnik.com\/wp-content\/uploads\/corrosion-test-1-150x106.jpg 150w, https:\/\/www.bk-werkstofftechnik.com\/wp-content\/uploads\/corrosion-test-1-768x540.jpg 768w, https:\/\/www.bk-werkstofftechnik.com\/wp-content\/uploads\/corrosion-test-1-320x225.jpg 320w, https:\/\/www.bk-werkstofftechnik.com\/wp-content\/uploads\/corrosion-test-1.jpg 1181w","medium_srcset":"https:\/\/www.bk-werkstofftechnik.com\/wp-content\/uploads\/corrosion-test-1-450x317.jpg 450w, https:\/\/www.bk-werkstofftechnik.com\/wp-content\/uploads\/corrosion-test-1-150x106.jpg 150w, https:\/\/www.bk-werkstofftechnik.com\/wp-content\/uploads\/corrosion-test-1-768x540.jpg 768w, https:\/\/www.bk-werkstofftechnik.com\/wp-content\/uploads\/corrosion-test-1-1024x721.jpg 1024w, https:\/\/www.bk-werkstofftechnik.com\/wp-content\/uploads\/corrosion-test-1-320x225.jpg 320w, https:\/\/www.bk-werkstofftechnik.com\/wp-content\/uploads\/corrosion-test-1.jpg 1181w","media_details":{"width":1181,"height":831,"sizes":{"medium":{"file":"corrosion-test-1-450x317.jpg","width":450,"height":317,"mime-type":"image\/jpeg","source_url":"https:\/\/www.bk-werkstofftechnik.com\/wp-content\/uploads\/corrosion-test-1-450x317.jpg"},"thumbnail":{"file":"corrosion-test-1-150x106.jpg","width":150,"height":106,"mime-type":"image\/jpeg","source_url":"https:\/\/www.bk-werkstofftechnik.com\/wp-content\/uploads\/corrosion-test-1-150x106.jpg"},"medium_large":{"file":"corrosion-test-1-768x540.jpg","width":768,"height":540,"mime-type":"image\/jpeg","source_url":"https:\/\/www.bk-werkstofftechnik.com\/wp-content\/uploads\/corrosion-test-1-768x540.jpg"},"large":{"file":"corrosion-test-1-1024x721.jpg","width":1024,"height":721,"mime-type":"image\/jpeg","source_url":"https:\/\/www.bk-werkstofftechnik.com\/wp-content\/uploads\/corrosion-test-1-1024x721.jpg"},"medium_old_320x225":{"file":"corrosion-test-1-320x225.jpg","width":320,"height":225,"mime-type":"image\/jpeg","source_url":"https:\/\/www.bk-werkstofftechnik.com\/wp-content\/uploads\/corrosion-test-1-320x225.jpg"}}},"alt_text":"Corrosion test","url":"","target":""},{"id":303,"title":"Corrosion test","caption":"","full_image_url":"https:\/\/www.bk-werkstofftechnik.com\/wp-content\/uploads\/corrosion-test-2.jpg","thumbnail_image_url":"https:\/\/www.bk-werkstofftechnik.com\/wp-content\/uploads\/corrosion-test-2-150x106.jpg","large_srcset":"https:\/\/www.bk-werkstofftechnik.com\/wp-content\/uploads\/corrosion-test-2-1024x721.jpg 1024w, https:\/\/www.bk-werkstofftechnik.com\/wp-content\/uploads\/corrosion-test-2-150x106.jpg 150w, https:\/\/www.bk-werkstofftechnik.com\/wp-content\/uploads\/corrosion-test-2-320x225.jpg 320w, https:\/\/www.bk-werkstofftechnik.com\/wp-content\/uploads\/corrosion-test-2-768x540.jpg 768w, https:\/\/www.bk-werkstofftechnik.com\/wp-content\/uploads\/corrosion-test-2.jpg 1181w","medium_srcset":"https:\/\/www.bk-werkstofftechnik.com\/wp-content\/uploads\/corrosion-test-2-320x225.jpg 320w, https:\/\/www.bk-werkstofftechnik.com\/wp-content\/uploads\/corrosion-test-2-150x106.jpg 150w, https:\/\/www.bk-werkstofftechnik.com\/wp-content\/uploads\/corrosion-test-2-768x540.jpg 768w, https:\/\/www.bk-werkstofftechnik.com\/wp-content\/uploads\/corrosion-test-2-1024x721.jpg 1024w, https:\/\/www.bk-werkstofftechnik.com\/wp-content\/uploads\/corrosion-test-2.jpg 1181w","media_details":{"width":1181,"height":831,"sizes":{"thumbnail":{"file":"corrosion-test-2-150x106.jpg","width":150,"height":106,"mime-type":"image\/jpeg","source_url":"https:\/\/www.bk-werkstofftechnik.com\/wp-content\/uploads\/corrosion-test-2-150x106.jpg"},"medium":{"file":"corrosion-test-2-320x225.jpg","width":320,"height":225,"mime-type":"image\/jpeg","source_url":"https:\/\/www.bk-werkstofftechnik.com\/wp-content\/uploads\/corrosion-test-2-320x225.jpg"},"medium_large":{"file":"corrosion-test-2-768x540.jpg","width":768,"height":540,"mime-type":"image\/jpeg","source_url":"https:\/\/www.bk-werkstofftechnik.com\/wp-content\/uploads\/corrosion-test-2-768x540.jpg"},"large":{"file":"corrosion-test-2-1024x721.jpg","width":1024,"height":721,"mime-type":"image\/jpeg","source_url":"https:\/\/www.bk-werkstofftechnik.com\/wp-content\/uploads\/corrosion-test-2-1024x721.jpg"}}},"alt_text":"Corrosion test","url":"","target":""},{"id":304,"title":"Corrosion test","caption":"","full_image_url":"https:\/\/www.bk-werkstofftechnik.com\/wp-content\/uploads\/corrosion-test-3.jpg","thumbnail_image_url":"https:\/\/www.bk-werkstofftechnik.com\/wp-content\/uploads\/corrosion-test-3-150x106.jpg","large_srcset":"https:\/\/www.bk-werkstofftechnik.com\/wp-content\/uploads\/corrosion-test-3-1024x721.jpg 1024w, https:\/\/www.bk-werkstofftechnik.com\/wp-content\/uploads\/corrosion-test-3-150x106.jpg 150w, https:\/\/www.bk-werkstofftechnik.com\/wp-content\/uploads\/corrosion-test-3-320x225.jpg 320w, https:\/\/www.bk-werkstofftechnik.com\/wp-content\/uploads\/corrosion-test-3-768x540.jpg 768w, https:\/\/www.bk-werkstofftechnik.com\/wp-content\/uploads\/corrosion-test-3.jpg 1181w","medium_srcset":"https:\/\/www.bk-werkstofftechnik.com\/wp-content\/uploads\/corrosion-test-3-320x225.jpg 320w, https:\/\/www.bk-werkstofftechnik.com\/wp-content\/uploads\/corrosion-test-3-150x106.jpg 150w, https:\/\/www.bk-werkstofftechnik.com\/wp-content\/uploads\/corrosion-test-3-768x540.jpg 768w, https:\/\/www.bk-werkstofftechnik.com\/wp-content\/uploads\/corrosion-test-3-1024x721.jpg 1024w, https:\/\/www.bk-werkstofftechnik.com\/wp-content\/uploads\/corrosion-test-3.jpg 1181w","media_details":{"width":1181,"height":831,"sizes":{"thumbnail":{"file":"corrosion-test-3-150x106.jpg","width":150,"height":106,"mime-type":"image\/jpeg","source_url":"https:\/\/www.bk-werkstofftechnik.com\/wp-content\/uploads\/corrosion-test-3-150x106.jpg"},"medium":{"file":"corrosion-test-3-320x225.jpg","width":320,"height":225,"mime-type":"image\/jpeg","source_url":"https:\/\/www.bk-werkstofftechnik.com\/wp-content\/uploads\/corrosion-test-3-320x225.jpg"},"medium_large":{"file":"corrosion-test-3-768x540.jpg","width":768,"height":540,"mime-type":"image\/jpeg","source_url":"https:\/\/www.bk-werkstofftechnik.com\/wp-content\/uploads\/corrosion-test-3-768x540.jpg"},"large":{"file":"corrosion-test-3-1024x721.jpg","width":1024,"height":721,"mime-type":"image\/jpeg","source_url":"https:\/\/www.bk-werkstofftechnik.com\/wp-content\/uploads\/corrosion-test-3-1024x721.jpg"}}},"alt_text":"Corrosion test","url":"","target":""},{"id":305,"title":"Corrosion test","caption":"","full_image_url":"https:\/\/www.bk-werkstofftechnik.com\/wp-content\/uploads\/corrosion-test-4.jpg","thumbnail_image_url":"https:\/\/www.bk-werkstofftechnik.com\/wp-content\/uploads\/corrosion-test-4-150x106.jpg","large_srcset":"https:\/\/www.bk-werkstofftechnik.com\/wp-content\/uploads\/corrosion-test-4-1024x721.jpg 1024w, https:\/\/www.bk-werkstofftechnik.com\/wp-content\/uploads\/corrosion-test-4-150x106.jpg 150w, https:\/\/www.bk-werkstofftechnik.com\/wp-content\/uploads\/corrosion-test-4-320x225.jpg 320w, https:\/\/www.bk-werkstofftechnik.com\/wp-content\/uploads\/corrosion-test-4-768x540.jpg 768w, https:\/\/www.bk-werkstofftechnik.com\/wp-content\/uploads\/corrosion-test-4.jpg 1181w","medium_srcset":"https:\/\/www.bk-werkstofftechnik.com\/wp-content\/uploads\/corrosion-test-4-320x225.jpg 320w, https:\/\/www.bk-werkstofftechnik.com\/wp-content\/uploads\/corrosion-test-4-150x106.jpg 150w, https:\/\/www.bk-werkstofftechnik.com\/wp-content\/uploads\/corrosion-test-4-768x540.jpg 768w, https:\/\/www.bk-werkstofftechnik.com\/wp-content\/uploads\/corrosion-test-4-1024x721.jpg 1024w, https:\/\/www.bk-werkstofftechnik.com\/wp-content\/uploads\/corrosion-test-4.jpg 1181w","media_details":{"width":1181,"height":831,"sizes":{"thumbnail":{"file":"corrosion-test-4-150x106.jpg","width":150,"height":106,"mime-type":"image\/jpeg","source_url":"https:\/\/www.bk-werkstofftechnik.com\/wp-content\/uploads\/corrosion-test-4-150x106.jpg"},"medium":{"file":"corrosion-test-4-320x225.jpg","width":320,"height":225,"mime-type":"image\/jpeg","source_url":"https:\/\/www.bk-werkstofftechnik.com\/wp-content\/uploads\/corrosion-test-4-320x225.jpg"},"medium_large":{"file":"corrosion-test-4-768x540.jpg","width":768,"height":540,"mime-type":"image\/jpeg","source_url":"https:\/\/www.bk-werkstofftechnik.com\/wp-content\/uploads\/corrosion-test-4-768x540.jpg"},"large":{"file":"corrosion-test-4-1024x721.jpg","width":1024,"height":721,"mime-type":"image\/jpeg","source_url":"https:\/\/www.bk-werkstofftechnik.com\/wp-content\/uploads\/corrosion-test-4-1024x721.jpg"}}},"alt_text":"Corrosion test","url":"","target":""}]]}},"yoast_head":"<!-- This site is optimized with the Yoast SEO plugin v27.6 - https:\/\/yoast.com\/product\/yoast-seo-wordpress\/ -->\n<title>Corrosion test to evaluate the wear resistance of materials - Applus+ BKW, Materials testing at a high level<\/title>\n<meta name=\"description\" content=\"To simulate the influences to which a material is exposed in practice, we perform corrosion tests and assess it in accordance with various methods.\" \/>\n<meta name=\"robots\" content=\"index, follow, max-snippet:-1, max-image-preview:large, max-video-preview:-1\" \/>\n<link rel=\"canonical\" href=\"https:\/\/www.bk-werkstofftechnik.com\/de\/werkstoffprufung\/korrosionsuntersuchungen\/\" \/>\n<meta property=\"og:locale\" content=\"en_US\" \/>\n<meta property=\"og:type\" content=\"article\" \/>\n<meta property=\"og:title\" content=\"Corrosion test to evaluate the wear resistance of materials - Applus+ BKW, Materials testing at a high level\" \/>\n<meta property=\"og:description\" content=\"To simulate the influences to which a material is exposed in practice, we perform corrosion tests and assess it in accordance with various methods.\" \/>\n<meta property=\"og:url\" content=\"https:\/\/www.bk-werkstofftechnik.com\/de\/werkstoffprufung\/korrosionsuntersuchungen\/\" \/>\n<meta property=\"og:site_name\" content=\"Applus+ BKW, Materials testing at a high level\" \/>\n<meta property=\"article:modified_time\" content=\"2022-07-29T11:05:25+00:00\" \/>\n<meta property=\"og:image\" content=\"https:\/\/www.bk-werkstofftechnik.com\/wp-content\/uploads\/corrosion-test-1.jpg\" \/>\n\t<meta property=\"og:image:width\" content=\"1181\" \/>\n\t<meta property=\"og:image:height\" content=\"831\" \/>\n\t<meta property=\"og:image:type\" content=\"image\/jpeg\" \/>\n<meta name=\"twitter:card\" content=\"summary_large_image\" \/>\n<script type=\"application\/ld+json\" class=\"yoast-schema-graph\">{\"@context\":\"https:\\\/\\\/schema.org\",\"@graph\":[{\"@type\":\"WebPage\",\"@id\":\"https:\\\/\\\/www.bk-werkstofftechnik.com\\\/de\\\/werkstoffprufung\\\/korrosionsuntersuchungen\\\/\",\"url\":\"https:\\\/\\\/www.bk-werkstofftechnik.com\\\/de\\\/werkstoffprufung\\\/korrosionsuntersuchungen\\\/\",\"name\":\"Corrosion test to evaluate the wear resistance of materials - Applus+ BKW, Materials testing at a high level\",\"isPartOf\":{\"@id\":\"https:\\\/\\\/www.bk-werkstofftechnik.com\\\/en\\\/#website\"},\"primaryImageOfPage\":{\"@id\":\"https:\\\/\\\/www.bk-werkstofftechnik.com\\\/de\\\/werkstoffprufung\\\/korrosionsuntersuchungen\\\/#primaryimage\"},\"image\":{\"@id\":\"https:\\\/\\\/www.bk-werkstofftechnik.com\\\/de\\\/werkstoffprufung\\\/korrosionsuntersuchungen\\\/#primaryimage\"},\"thumbnailUrl\":\"https:\\\/\\\/www.bk-werkstofftechnik.com\\\/wp-content\\\/uploads\\\/corrosion-test-1.jpg\",\"datePublished\":\"2019-01-03T12:23:57+00:00\",\"dateModified\":\"2022-07-29T11:05:25+00:00\",\"description\":\"To simulate the influences to which a material is exposed in practice, we perform corrosion tests and assess it in accordance with various methods.\",\"breadcrumb\":{\"@id\":\"https:\\\/\\\/www.bk-werkstofftechnik.com\\\/de\\\/werkstoffprufung\\\/korrosionsuntersuchungen\\\/#breadcrumb\"},\"inLanguage\":\"en-EU\",\"potentialAction\":[{\"@type\":\"ReadAction\",\"target\":[\"https:\\\/\\\/www.bk-werkstofftechnik.com\\\/de\\\/werkstoffprufung\\\/korrosionsuntersuchungen\\\/\"]}]},{\"@type\":\"ImageObject\",\"inLanguage\":\"en-EU\",\"@id\":\"https:\\\/\\\/www.bk-werkstofftechnik.com\\\/de\\\/werkstoffprufung\\\/korrosionsuntersuchungen\\\/#primaryimage\",\"url\":\"https:\\\/\\\/www.bk-werkstofftechnik.com\\\/wp-content\\\/uploads\\\/corrosion-test-1.jpg\",\"contentUrl\":\"https:\\\/\\\/www.bk-werkstofftechnik.com\\\/wp-content\\\/uploads\\\/corrosion-test-1.jpg\",\"width\":1181,\"height\":831,\"caption\":\"Corrosion test\"},{\"@type\":\"BreadcrumbList\",\"@id\":\"https:\\\/\\\/www.bk-werkstofftechnik.com\\\/de\\\/werkstoffprufung\\\/korrosionsuntersuchungen\\\/#breadcrumb\",\"itemListElement\":[{\"@type\":\"ListItem\",\"position\":1,\"name\":\"Home\",\"item\":\"https:\\\/\\\/www.bk-werkstofftechnik.com\\\/en\\\/\"},{\"@type\":\"ListItem\",\"position\":2,\"name\":\"Materials testing\",\"item\":\"https:\\\/\\\/www.bk-werkstofftechnik.com\\\/de\\\/werkstoffprufung\\\/\"},{\"@type\":\"ListItem\",\"position\":3,\"name\":\"Corrosion tests\"}]},{\"@type\":\"WebSite\",\"@id\":\"https:\\\/\\\/www.bk-werkstofftechnik.com\\\/en\\\/#website\",\"url\":\"https:\\\/\\\/www.bk-werkstofftechnik.com\\\/en\\\/\",\"name\":\"Applus+ BKW, Materials testing at a high level\",\"description\":\"\",\"publisher\":{\"@id\":\"https:\\\/\\\/www.bk-werkstofftechnik.com\\\/en\\\/#organization\"},\"potentialAction\":[{\"@type\":\"SearchAction\",\"target\":{\"@type\":\"EntryPoint\",\"urlTemplate\":\"https:\\\/\\\/www.bk-werkstofftechnik.com\\\/en\\\/?s={search_term_string}\"},\"query-input\":{\"@type\":\"PropertyValueSpecification\",\"valueRequired\":true,\"valueName\":\"search_term_string\"}}],\"inLanguage\":\"en-EU\"},{\"@type\":\"Organization\",\"@id\":\"https:\\\/\\\/www.bk-werkstofftechnik.com\\\/en\\\/#organization\",\"name\":\"Applus+ BKW\",\"url\":\"https:\\\/\\\/www.bk-werkstofftechnik.com\\\/en\\\/\",\"logo\":{\"@type\":\"ImageObject\",\"inLanguage\":\"en-EU\",\"@id\":\"https:\\\/\\\/www.bk-werkstofftechnik.com\\\/en\\\/#\\\/schema\\\/logo\\\/image\\\/\",\"url\":\"https:\\\/\\\/www.bk-werkstofftechnik.com\\\/wp-content\\\/uploads\\\/logo-applus-BKW.png\",\"contentUrl\":\"https:\\\/\\\/www.bk-werkstofftechnik.com\\\/wp-content\\\/uploads\\\/logo-applus-BKW.png\",\"width\":179,\"height\":85,\"caption\":\"Applus+ BKW\"},\"image\":{\"@id\":\"https:\\\/\\\/www.bk-werkstofftechnik.com\\\/en\\\/#\\\/schema\\\/logo\\\/image\\\/\"}}]}<\/script>\n<!-- \/ Yoast SEO plugin. -->","yoast_head_json":{"title":"Corrosion test to evaluate the wear resistance of materials - Applus+ BKW, Materials testing at a high level","description":"To simulate the influences to which a material is exposed in practice, we perform corrosion tests and assess it in accordance with various methods.","robots":{"index":"index","follow":"follow","max-snippet":"max-snippet:-1","max-image-preview":"max-image-preview:large","max-video-preview":"max-video-preview:-1"},"canonical":"https:\/\/www.bk-werkstofftechnik.com\/de\/werkstoffprufung\/korrosionsuntersuchungen\/","og_locale":"en_US","og_type":"article","og_title":"Corrosion test to evaluate the wear resistance of materials - Applus+ BKW, Materials testing at a high level","og_description":"To simulate the influences to which a material is exposed in practice, we perform corrosion tests and assess it in accordance with various methods.","og_url":"https:\/\/www.bk-werkstofftechnik.com\/de\/werkstoffprufung\/korrosionsuntersuchungen\/","og_site_name":"Applus+ BKW, Materials testing at a high level","article_modified_time":"2022-07-29T11:05:25+00:00","og_image":[{"width":1181,"height":831,"url":"https:\/\/www.bk-werkstofftechnik.com\/wp-content\/uploads\/corrosion-test-1.jpg","type":"image\/jpeg"}],"twitter_card":"summary_large_image","schema":{"@context":"https:\/\/schema.org","@graph":[{"@type":"WebPage","@id":"https:\/\/www.bk-werkstofftechnik.com\/de\/werkstoffprufung\/korrosionsuntersuchungen\/","url":"https:\/\/www.bk-werkstofftechnik.com\/de\/werkstoffprufung\/korrosionsuntersuchungen\/","name":"Corrosion test to evaluate the wear resistance of materials - Applus+ BKW, Materials testing at a high level","isPartOf":{"@id":"https:\/\/www.bk-werkstofftechnik.com\/en\/#website"},"primaryImageOfPage":{"@id":"https:\/\/www.bk-werkstofftechnik.com\/de\/werkstoffprufung\/korrosionsuntersuchungen\/#primaryimage"},"image":{"@id":"https:\/\/www.bk-werkstofftechnik.com\/de\/werkstoffprufung\/korrosionsuntersuchungen\/#primaryimage"},"thumbnailUrl":"https:\/\/www.bk-werkstofftechnik.com\/wp-content\/uploads\/corrosion-test-1.jpg","datePublished":"2019-01-03T12:23:57+00:00","dateModified":"2022-07-29T11:05:25+00:00","description":"To simulate the influences to which a material is exposed in practice, we perform corrosion tests and assess it in accordance with various methods.","breadcrumb":{"@id":"https:\/\/www.bk-werkstofftechnik.com\/de\/werkstoffprufung\/korrosionsuntersuchungen\/#breadcrumb"},"inLanguage":"en-EU","potentialAction":[{"@type":"ReadAction","target":["https:\/\/www.bk-werkstofftechnik.com\/de\/werkstoffprufung\/korrosionsuntersuchungen\/"]}]},{"@type":"ImageObject","inLanguage":"en-EU","@id":"https:\/\/www.bk-werkstofftechnik.com\/de\/werkstoffprufung\/korrosionsuntersuchungen\/#primaryimage","url":"https:\/\/www.bk-werkstofftechnik.com\/wp-content\/uploads\/corrosion-test-1.jpg","contentUrl":"https:\/\/www.bk-werkstofftechnik.com\/wp-content\/uploads\/corrosion-test-1.jpg","width":1181,"height":831,"caption":"Corrosion test"},{"@type":"BreadcrumbList","@id":"https:\/\/www.bk-werkstofftechnik.com\/de\/werkstoffprufung\/korrosionsuntersuchungen\/#breadcrumb","itemListElement":[{"@type":"ListItem","position":1,"name":"Home","item":"https:\/\/www.bk-werkstofftechnik.com\/en\/"},{"@type":"ListItem","position":2,"name":"Materials testing","item":"https:\/\/www.bk-werkstofftechnik.com\/de\/werkstoffprufung\/"},{"@type":"ListItem","position":3,"name":"Corrosion tests"}]},{"@type":"WebSite","@id":"https:\/\/www.bk-werkstofftechnik.com\/en\/#website","url":"https:\/\/www.bk-werkstofftechnik.com\/en\/","name":"Applus+ BKW, Materials testing at a high level","description":"","publisher":{"@id":"https:\/\/www.bk-werkstofftechnik.com\/en\/#organization"},"potentialAction":[{"@type":"SearchAction","target":{"@type":"EntryPoint","urlTemplate":"https:\/\/www.bk-werkstofftechnik.com\/en\/?s={search_term_string}"},"query-input":{"@type":"PropertyValueSpecification","valueRequired":true,"valueName":"search_term_string"}}],"inLanguage":"en-EU"},{"@type":"Organization","@id":"https:\/\/www.bk-werkstofftechnik.com\/en\/#organization","name":"Applus+ BKW","url":"https:\/\/www.bk-werkstofftechnik.com\/en\/","logo":{"@type":"ImageObject","inLanguage":"en-EU","@id":"https:\/\/www.bk-werkstofftechnik.com\/en\/#\/schema\/logo\/image\/","url":"https:\/\/www.bk-werkstofftechnik.com\/wp-content\/uploads\/logo-applus-BKW.png","contentUrl":"https:\/\/www.bk-werkstofftechnik.com\/wp-content\/uploads\/logo-applus-BKW.png","width":179,"height":85,"caption":"Applus+ BKW"},"image":{"@id":"https:\/\/www.bk-werkstofftechnik.com\/en\/#\/schema\/logo\/image\/"}}]}},"_links":{"self":[{"href":"https:\/\/www.bk-werkstofftechnik.com\/en\/wp-json\/wp\/v2\/pages\/237","targetHints":{"allow":["GET"]}}],"collection":[{"href":"https:\/\/www.bk-werkstofftechnik.com\/en\/wp-json\/wp\/v2\/pages"}],"about":[{"href":"https:\/\/www.bk-werkstofftechnik.com\/en\/wp-json\/wp\/v2\/types\/page"}],"author":[{"embeddable":true,"href":"https:\/\/www.bk-werkstofftechnik.com\/en\/wp-json\/wp\/v2\/users\/1"}],"replies":[{"embeddable":true,"href":"https:\/\/www.bk-werkstofftechnik.com\/en\/wp-json\/wp\/v2\/comments?post=237"}],"version-history":[{"count":2,"href":"https:\/\/www.bk-werkstofftechnik.com\/en\/wp-json\/wp\/v2\/pages\/237\/revisions"}],"predecessor-version":[{"id":849,"href":"https:\/\/www.bk-werkstofftechnik.com\/en\/wp-json\/wp\/v2\/pages\/237\/revisions\/849"}],"up":[{"embeddable":true,"href":"https:\/\/www.bk-werkstofftechnik.com\/en\/wp-json\/wp\/v2\/pages\/26"}],"wp:featuredmedia":[{"embeddable":true,"href":"https:\/\/www.bk-werkstofftechnik.com\/en\/wp-json\/wp\/v2\/media\/302"}],"wp:attachment":[{"href":"https:\/\/www.bk-werkstofftechnik.com\/en\/wp-json\/wp\/v2\/media?parent=237"}],"curies":[{"name":"wp","href":"https:\/\/api.w.org\/{rel}","templated":true}]}}