{"id":6,"date":"2018-09-12T10:05:53","date_gmt":"2018-09-12T10:05:53","guid":{"rendered":"http:\/\/localhost\/tunneltest\/web\/?page_id=2"},"modified":"2023-10-25T09:30:31","modified_gmt":"2023-10-25T09:30:31","slug":"pagina-ejemplo","status":"publish","type":"page","link":"https:\/\/www.bk-werkstofftechnik.com\/de\/","title":{"rendered":"Mehr als nur Standard","raw":"Mehr als nur Standard"},"content":{"rendered":"<h1><strong>Mehr als nur Standard<\/strong><\/h1>\n<p>Sie m\u00fcssen sich auf Ihre Werkstoff- und Materialeigenschaften verlassen k\u00f6nnen? Als Teil der globalen Applus+ Gruppe bietet Applus+ BKW ein umfangreiches Spektrum von Werkstoff- und Materialpr\u00fcfungen an.<\/p>\n<p><a class=\"btn btn-primary btn-lg\" title=\"Applus+ BKW, Werkstoffpr\u00fcfung auf hohem Niveau\" href=\"https:\/\/www.bk-werkstofftechnik.com\/de\/applus-bkw-in-kurze\/\">\u00dcber uns<\/a><\/p>\n","protected":false,"raw":"<h1><strong>Mehr als nur Standard<\/strong><\/h1>\r\nSie m\u00fcssen sich auf Ihre Werkstoff- und Materialeigenschaften verlassen k\u00f6nnen? Als Teil der globalen Applus+ Gruppe bietet Applus+ BKW ein umfangreiches Spektrum von Werkstoff- und Materialpr\u00fcfungen an.\r\n\r\n<a class=\"btn btn-primary btn-lg\" title=\"Applus+ BKW, Werkstoffpr\u00fcfung auf hohem Niveau\" href=\"https:\/\/www.bk-werkstofftechnik.com\/de\/applus-bkw-in-kurze\/\">\u00dcber uns<\/a>"},"excerpt":{"rendered":"","protected":false,"raw":""},"author":1,"featured_media":0,"parent":0,"menu_order":0,"comment_status":"closed","ping_status":"closed","template":"","meta":{"_acf_changed":false,"_en_post_content":"<h1>Better than the Standard<\/h1>\r\nNeed to be able to rely on your materials and their properties? As part of the global Applus+ Group, Applus+ BKW offers a comprehensive range of materials testing services.\r\n\r\n<a class=\"btn btn-primary btn-lg\" title=\"Applus+ BKW, materials testing at a high level\" href=\"https:\/\/www.bk-werkstofftechnik.com\/en\/about-applus-bkw\/\">About us<\/a>","_en_post_name":"pagina-de-inicio","_en_post_excerpt":"","_en_post_title":"Better than the Standard","_de_post_content":"<h1><strong>Mehr als nur Standard<\/strong><\/h1>\r\nSie m\u00fcssen sich auf Ihre Werkstoff- und Materialeigenschaften verlassen k\u00f6nnen? Als Teil der globalen Applus+ Gruppe bietet Applus+ BKW ein umfangreiches Spektrum von Werkstoff- und Materialpr\u00fcfungen an.\r\n\r\n<a class=\"btn btn-primary btn-lg\" title=\"Applus+ BKW, Werkstoffpr\u00fcfung auf hohem Niveau\" href=\"https:\/\/www.bk-werkstofftechnik.com\/de\/applus-bkw-in-kurze\/\">\u00dcber uns<\/a>","_de_post_name":"pagina-ejemplo","_de_post_excerpt":"","_de_post_title":"Mehr als nur Standard","edit_language":"de","footnotes":""},"class_list":["post-6","page","type-page","status-publish","hentry"],"acf":[],"yoast_head":"<!-- This site is optimized with the Yoast SEO plugin v27.6 - https:\/\/yoast.com\/product\/yoast-seo-wordpress\/ -->\n<title>Better than the Standard - Applus+ BKW, Werkstoffpr\u00fcfung auf hohem Niveau<\/title>\n<meta name=\"description\" content=\"Die BKW ist ein akkreditiertes, unabh\u00e4ngiges Werkstoffpr\u00fcflabor, das nahezu alle Bereiche der zerst\u00f6rungsfreien und zerst\u00f6renden Werkstoffpr\u00fcfung.\" \/>\n<meta name=\"robots\" content=\"index, follow, max-snippet:-1, max-image-preview:large, max-video-preview:-1\" \/>\n<link rel=\"canonical\" href=\"https:\/\/www.bk-werkstofftechnik.com\/en\/\" \/>\n<meta property=\"og:locale\" content=\"de_DE\" \/>\n<meta property=\"og:type\" content=\"article\" \/>\n<meta property=\"og:title\" content=\"Better than the Standard - Applus+ BKW, Werkstoffpr\u00fcfung auf hohem Niveau\" \/>\n<meta property=\"og:description\" content=\"Die BKW ist ein akkreditiertes, unabh\u00e4ngiges Werkstoffpr\u00fcflabor, das nahezu alle Bereiche der zerst\u00f6rungsfreien und zerst\u00f6renden Werkstoffpr\u00fcfung.\" \/>\n<meta property=\"og:url\" content=\"https:\/\/www.bk-werkstofftechnik.com\/en\/\" \/>\n<meta property=\"og:site_name\" content=\"Applus+ BKW, Werkstoffpr\u00fcfung auf hohem Niveau\" \/>\n<meta property=\"article:modified_time\" content=\"2023-10-25T09:30:31+00:00\" \/>\n<meta name=\"twitter:card\" content=\"summary_large_image\" \/>\n<script type=\"application\/ld+json\" class=\"yoast-schema-graph\">{\"@context\":\"https:\\\/\\\/schema.org\",\"@graph\":[{\"@type\":\"WebPage\",\"@id\":\"https:\\\/\\\/www.bk-werkstofftechnik.com\\\/en\\\/\",\"url\":\"https:\\\/\\\/www.bk-werkstofftechnik.com\\\/en\\\/\",\"name\":\"Better than the Standard - Applus+ BKW, Werkstoffpr\u00fcfung auf hohem Niveau\",\"isPartOf\":{\"@id\":\"https:\\\/\\\/www.bk-werkstofftechnik.com\\\/en\\\/#website\"},\"datePublished\":\"2018-09-12T10:05:53+00:00\",\"dateModified\":\"2023-10-25T09:30:31+00:00\",\"description\":\"Die BKW ist ein akkreditiertes, unabh\u00e4ngiges Werkstoffpr\u00fcflabor, das nahezu alle Bereiche der zerst\u00f6rungsfreien und zerst\u00f6renden Werkstoffpr\u00fcfung.\",\"breadcrumb\":{\"@id\":\"https:\\\/\\\/www.bk-werkstofftechnik.com\\\/en\\\/#breadcrumb\"},\"inLanguage\":\"de\",\"potentialAction\":[{\"@type\":\"ReadAction\",\"target\":[\"https:\\\/\\\/www.bk-werkstofftechnik.com\\\/en\\\/\"]}]},{\"@type\":\"BreadcrumbList\",\"@id\":\"https:\\\/\\\/www.bk-werkstofftechnik.com\\\/en\\\/#breadcrumb\",\"itemListElement\":[{\"@type\":\"ListItem\",\"position\":1,\"name\":\"Home\",\"item\":\"https:\\\/\\\/www.bk-werkstofftechnik.com\\\/en\\\/\"},{\"@type\":\"ListItem\",\"position\":2,\"name\":\"Better than the Standard\"}]},{\"@type\":\"WebSite\",\"@id\":\"https:\\\/\\\/www.bk-werkstofftechnik.com\\\/en\\\/#website\",\"url\":\"https:\\\/\\\/www.bk-werkstofftechnik.com\\\/en\\\/\",\"name\":\"Applus+ BKW, Werkstoffpr\u00fcfung auf hohem Niveau\",\"description\":\"\",\"publisher\":{\"@id\":\"https:\\\/\\\/www.bk-werkstofftechnik.com\\\/en\\\/#organization\"},\"potentialAction\":[{\"@type\":\"SearchAction\",\"target\":{\"@type\":\"EntryPoint\",\"urlTemplate\":\"https:\\\/\\\/www.bk-werkstofftechnik.com\\\/en\\\/?s={search_term_string}\"},\"query-input\":{\"@type\":\"PropertyValueSpecification\",\"valueRequired\":true,\"valueName\":\"search_term_string\"}}],\"inLanguage\":\"de\"},{\"@type\":\"Organization\",\"@id\":\"https:\\\/\\\/www.bk-werkstofftechnik.com\\\/en\\\/#organization\",\"name\":\"Applus+ BKW\",\"url\":\"https:\\\/\\\/www.bk-werkstofftechnik.com\\\/en\\\/\",\"logo\":{\"@type\":\"ImageObject\",\"inLanguage\":\"de\",\"@id\":\"https:\\\/\\\/www.bk-werkstofftechnik.com\\\/en\\\/#\\\/schema\\\/logo\\\/image\\\/\",\"url\":\"https:\\\/\\\/www.bk-werkstofftechnik.com\\\/wp-content\\\/uploads\\\/logo-applus-BKW.png\",\"contentUrl\":\"https:\\\/\\\/www.bk-werkstofftechnik.com\\\/wp-content\\\/uploads\\\/logo-applus-BKW.png\",\"width\":179,\"height\":85,\"caption\":\"Applus+ BKW\"},\"image\":{\"@id\":\"https:\\\/\\\/www.bk-werkstofftechnik.com\\\/en\\\/#\\\/schema\\\/logo\\\/image\\\/\"}}]}<\/script>\n<!-- \/ Yoast SEO plugin. -->","yoast_head_json":{"title":"Better than the Standard - Applus+ BKW, Werkstoffpr\u00fcfung auf hohem Niveau","description":"Die BKW ist ein akkreditiertes, unabh\u00e4ngiges Werkstoffpr\u00fcflabor, das nahezu alle Bereiche der zerst\u00f6rungsfreien und zerst\u00f6renden Werkstoffpr\u00fcfung.","robots":{"index":"index","follow":"follow","max-snippet":"max-snippet:-1","max-image-preview":"max-image-preview:large","max-video-preview":"max-video-preview:-1"},"canonical":"https:\/\/www.bk-werkstofftechnik.com\/en\/","og_locale":"de_DE","og_type":"article","og_title":"Better than the Standard - Applus+ BKW, Werkstoffpr\u00fcfung auf hohem Niveau","og_description":"Die BKW ist ein akkreditiertes, unabh\u00e4ngiges Werkstoffpr\u00fcflabor, das nahezu alle Bereiche der zerst\u00f6rungsfreien und zerst\u00f6renden Werkstoffpr\u00fcfung.","og_url":"https:\/\/www.bk-werkstofftechnik.com\/en\/","og_site_name":"Applus+ BKW, Werkstoffpr\u00fcfung auf hohem Niveau","article_modified_time":"2023-10-25T09:30:31+00:00","twitter_card":"summary_large_image","schema":{"@context":"https:\/\/schema.org","@graph":[{"@type":"WebPage","@id":"https:\/\/www.bk-werkstofftechnik.com\/en\/","url":"https:\/\/www.bk-werkstofftechnik.com\/en\/","name":"Better than the Standard - Applus+ BKW, Werkstoffpr\u00fcfung auf hohem Niveau","isPartOf":{"@id":"https:\/\/www.bk-werkstofftechnik.com\/en\/#website"},"datePublished":"2018-09-12T10:05:53+00:00","dateModified":"2023-10-25T09:30:31+00:00","description":"Die BKW ist ein akkreditiertes, unabh\u00e4ngiges Werkstoffpr\u00fcflabor, das nahezu alle Bereiche der zerst\u00f6rungsfreien und zerst\u00f6renden Werkstoffpr\u00fcfung.","breadcrumb":{"@id":"https:\/\/www.bk-werkstofftechnik.com\/en\/#breadcrumb"},"inLanguage":"de","potentialAction":[{"@type":"ReadAction","target":["https:\/\/www.bk-werkstofftechnik.com\/en\/"]}]},{"@type":"BreadcrumbList","@id":"https:\/\/www.bk-werkstofftechnik.com\/en\/#breadcrumb","itemListElement":[{"@type":"ListItem","position":1,"name":"Home","item":"https:\/\/www.bk-werkstofftechnik.com\/en\/"},{"@type":"ListItem","position":2,"name":"Better than the Standard"}]},{"@type":"WebSite","@id":"https:\/\/www.bk-werkstofftechnik.com\/en\/#website","url":"https:\/\/www.bk-werkstofftechnik.com\/en\/","name":"Applus+ BKW, Werkstoffpr\u00fcfung auf hohem Niveau","description":"","publisher":{"@id":"https:\/\/www.bk-werkstofftechnik.com\/en\/#organization"},"potentialAction":[{"@type":"SearchAction","target":{"@type":"EntryPoint","urlTemplate":"https:\/\/www.bk-werkstofftechnik.com\/en\/?s={search_term_string}"},"query-input":{"@type":"PropertyValueSpecification","valueRequired":true,"valueName":"search_term_string"}}],"inLanguage":"de"},{"@type":"Organization","@id":"https:\/\/www.bk-werkstofftechnik.com\/en\/#organization","name":"Applus+ BKW","url":"https:\/\/www.bk-werkstofftechnik.com\/en\/","logo":{"@type":"ImageObject","inLanguage":"de","@id":"https:\/\/www.bk-werkstofftechnik.com\/en\/#\/schema\/logo\/image\/","url":"https:\/\/www.bk-werkstofftechnik.com\/wp-content\/uploads\/logo-applus-BKW.png","contentUrl":"https:\/\/www.bk-werkstofftechnik.com\/wp-content\/uploads\/logo-applus-BKW.png","width":179,"height":85,"caption":"Applus+ BKW"},"image":{"@id":"https:\/\/www.bk-werkstofftechnik.com\/en\/#\/schema\/logo\/image\/"}}]}},"_links":{"self":[{"href":"https:\/\/www.bk-werkstofftechnik.com\/de\/wp-json\/wp\/v2\/pages\/6","targetHints":{"allow":["GET"]}}],"collection":[{"href":"https:\/\/www.bk-werkstofftechnik.com\/de\/wp-json\/wp\/v2\/pages"}],"about":[{"href":"https:\/\/www.bk-werkstofftechnik.com\/de\/wp-json\/wp\/v2\/types\/page"}],"author":[{"embeddable":true,"href":"https:\/\/www.bk-werkstofftechnik.com\/de\/wp-json\/wp\/v2\/users\/1"}],"replies":[{"embeddable":true,"href":"https:\/\/www.bk-werkstofftechnik.com\/de\/wp-json\/wp\/v2\/comments?post=6"}],"version-history":[{"count":4,"href":"https:\/\/www.bk-werkstofftechnik.com\/de\/wp-json\/wp\/v2\/pages\/6\/revisions"}],"predecessor-version":[{"id":919,"href":"https:\/\/www.bk-werkstofftechnik.com\/de\/wp-json\/wp\/v2\/pages\/6\/revisions\/919"}],"wp:attachment":[{"href":"https:\/\/www.bk-werkstofftechnik.com\/de\/wp-json\/wp\/v2\/media?parent=6"}],"curies":[{"name":"wp","href":"https:\/\/api.w.org\/{rel}","templated":true}]}}