{"id":184,"date":"2018-12-21T19:29:38","date_gmt":"2018-12-21T18:29:38","guid":{"rendered":"http:\/\/localhost\/tunneltest\/web\/?page_id=184"},"modified":"2022-08-30T10:16:03","modified_gmt":"2022-08-30T10:16:03","slug":"kontaktformular","status":"publish","type":"page","link":"https:\/\/www.bk-werkstofftechnik.com\/de\/kontaktformular\/","title":{"rendered":"Kontaktformular","raw":"Kontaktformular"},"content":{"rendered":"<div class=\"row\">\n<div class=\"col-xs-12 col-md-6\">\n<h3>Wir sind immer erreichbar f\u00fcr Sie<\/h3>\n<p>Falls Sie Fragen haben oder einen Termin f\u00fcr eine pers\u00f6nliche Beratung w\u00fcnschen, dann w\u00fcrde es uns freuen, wenn Sie Kontakt zu uns aufnehmen.<br \/>\n\n<div class=\"wpcf7 no-js\" id=\"wpcf7-f277-o2\" lang=\"es-ES\" dir=\"ltr\" data-wpcf7-id=\"277\">\n<div class=\"screen-reader-response\"><p role=\"status\" aria-live=\"polite\" aria-atomic=\"true\"><\/p> <ul><\/ul><\/div>\n<form action=\"\/de\/wp-json\/wp\/v2\/pages\/184#wpcf7-f277-o2\" method=\"post\" class=\"wpcf7-form init\" aria-label=\"Formulario de contacto\" novalidate=\"novalidate\" data-status=\"init\">\n<fieldset class=\"hidden-fields-container\"><input type=\"hidden\" name=\"_wpcf7\" value=\"277\" \/><input type=\"hidden\" name=\"_wpcf7_version\" value=\"6.1.6\" \/><input type=\"hidden\" name=\"_wpcf7_locale\" value=\"es_ES\" \/><input type=\"hidden\" name=\"_wpcf7_unit_tag\" value=\"wpcf7-f277-o2\" \/><input type=\"hidden\" name=\"_wpcf7_container_post\" value=\"0\" \/><input type=\"hidden\" name=\"_wpcf7_posted_data_hash\" value=\"\" \/><input type=\"hidden\" name=\"_wpcf7_recaptcha_response\" value=\"\" \/>\n<\/fieldset>\n<p><label> Unternehmen * <span class=\"wpcf7-form-control-wrap\" data-name=\"company\"><input size=\"40\" maxlength=\"400\" class=\"wpcf7-form-control wpcf7-text wpcf7-validates-as-required\" aria-required=\"true\" aria-invalid=\"false\" value=\"\" type=\"text\" name=\"company\" \/><\/span> <\/label><label>Vorname * <span class=\"wpcf7-form-control-wrap\" data-name=\"first-name\"><input size=\"40\" maxlength=\"400\" class=\"wpcf7-form-control wpcf7-text wpcf7-validates-as-required\" aria-required=\"true\" aria-invalid=\"false\" value=\"\" type=\"text\" name=\"first-name\" \/><\/span> <\/label><label>Name * <span class=\"wpcf7-form-control-wrap\" data-name=\"last-name\"><input size=\"40\" maxlength=\"400\" class=\"wpcf7-form-control wpcf7-text wpcf7-validates-as-required\" aria-required=\"true\" aria-invalid=\"false\" value=\"\" type=\"text\" name=\"last-name\" \/><\/span> <\/label><label>Telefon <span class=\"wpcf7-form-control-wrap\" data-name=\"telephone\"><input size=\"40\" maxlength=\"400\" class=\"wpcf7-form-control wpcf7-text\" aria-invalid=\"false\" value=\"\" type=\"text\" name=\"telephone\" \/><\/span> <\/label><label>Email * <span class=\"wpcf7-form-control-wrap\" data-name=\"email\"><input size=\"40\" maxlength=\"400\" class=\"wpcf7-form-control wpcf7-email wpcf7-validates-as-required wpcf7-text wpcf7-validates-as-email\" aria-required=\"true\" aria-invalid=\"false\" value=\"\" type=\"email\" name=\"email\" \/><\/span> <\/label><label>Nachricht * <span class=\"wpcf7-form-control-wrap\" data-name=\"your-message\"><textarea cols=\"40\" rows=\"10\" maxlength=\"2000\" class=\"wpcf7-form-control wpcf7-textarea wpcf7-validates-as-required\" aria-required=\"true\" aria-invalid=\"false\" name=\"your-message\"><\/textarea><\/span> <\/label><label><span class=\"wpcf7-form-control-wrap\" data-name=\"acceptance-622\"><span class=\"wpcf7-form-control wpcf7-acceptance\"><span class=\"wpcf7-list-item\"><input type=\"checkbox\" name=\"acceptance-622\" value=\"1\" aria-invalid=\"false\" \/><\/span><\/span><\/span>Ich habe die <a href=\"https:\/\/www.bk-werkstofftechnik.com\/wp-content\/uploads\/Datenschutzrichtlinie_f%C3%BCr_webseiten-apps.pdf\" title=\"Privacy policy\" target=\"_blank\">Nutzungs - und Datenschutzbestimmungen<\/a> gelesen und stimme diesen zu<\/label>\n<\/p>\n<p><input class=\"wpcf7-form-control wpcf7-submit has-spinner btn btn-line\" type=\"submit\" value=\"Absenden\" \/>\n<\/p><div class=\"wpcf7-response-output\" aria-hidden=\"true\"><\/div>\n<\/form>\n<\/div>\n<\/p>\n<\/div>\n<div class=\"col-xs-12 col-md-6\">\n<div class=\"block\">\n<h2>Kundenmanager<\/h2>\n<p>&nbsp;<\/p>\n<ul class=\"contacto\">\n<li><strong>Mr Sven Hagemann<\/strong><\/li>\n<li>Tel. +49 (0) 421 43 828 0<\/li>\n<\/ul>\n<ul class=\"contacto\">\n<li><strong>Mr Michele Collevecchio<\/strong><\/li>\n<li>Tel. +49 (0) 421 43 828 0<\/li>\n<\/ul>\n<ul class=\"contacto\">\n<li><a href=\"mailto:info.bkw@applus.com\"><strong>info.bkw@applus.com<\/strong><\/a><\/li>\n<\/ul>\n<\/div>\n<\/div>\n<\/div>\n","protected":false,"raw":"<div class=\"row\">\r\n<div class=\"col-xs-12 col-md-6\">\r\n<h3>Wir sind immer erreichbar f\u00fcr Sie<\/h3>\r\nFalls Sie Fragen haben oder einen Termin f\u00fcr eine pers\u00f6nliche Beratung w\u00fcnschen, dann w\u00fcrde es uns freuen, wenn Sie Kontakt zu uns aufnehmen.\r\n[contact-form-7 id=\"277\" title=\"Contact form\"]\r\n\r\n<\/div>\r\n<div class=\"col-xs-12 col-md-6\">\r\n<div class=\"block\">\r\n<h2>Kundenmanager<\/h2>\r\n&nbsp;\r\n<ul class=\"contacto\">\r\n \t<li><strong>Mr Sven Hagemann<\/strong><\/li>\r\n \t<li>Tel. +49 (0) 421 43 828 0<\/li>\r\n<\/ul>\r\n<ul class=\"contacto\">\r\n \t<li><strong>Mr Michele Collevecchio<\/strong><\/li>\r\n \t<li>Tel. +49 (0) 421 43 828 0<\/li>\r\n<\/ul>\r\n<ul class=\"contacto\">\r\n \t<li><a href=\"mailto:info.bkw@applus.com\"><strong>info.bkw@applus.com<\/strong><\/a><\/li>\r\n<\/ul>\r\n<\/div>\r\n<\/div>\r\n<\/div>"},"excerpt":{"rendered":"","protected":false,"raw":""},"author":1,"featured_media":0,"parent":0,"menu_order":0,"comment_status":"closed","ping_status":"closed","template":"","meta":{"_acf_changed":false,"_en_post_content":"<div class=\"row\">\r\n<div class=\"col-xs-12 col-md-6\">\r\n<h3>We are always available for you.<\/h3>\r\nShould you have any questions or would you like to arrange for a personal discussion, please contact us.\r\n[contact-form-7 id=\"277\" title=\"Contact form\"]\r\n\r\n<\/div>\r\n<div class=\"col-xs-12 col-md-6\">\r\n<div class=\"block\">\r\n<h2>Customer Managers<\/h2>\r\n&nbsp;\r\n<ul class=\"contacto\">\r\n \t<li><strong>Mr Sven Hagemann<\/strong><\/li>\r\n \t<li>Tel. +49 (0) 421 43 828 0<\/li>\r\n<\/ul>\r\n<ul class=\"contacto\">\r\n \t<li><strong>Mr Michele Collevecchio<\/strong><\/li>\r\n \t<li>Tel. +49 (0) 421 43 828 0<\/li>\r\n<\/ul>\r\n<ul class=\"contacto\">\r\n \t<li><a href=\"mailto:info.bkw@applus.com\"><strong>info.bkw@applus.com<\/strong><\/a><\/li>\r\n<\/ul>\r\n<\/div>\r\n<\/div>\r\n<\/div>","_en_post_name":"contact-form","_en_post_excerpt":"","_en_post_title":"Contact form","_de_post_content":"<div class=\"row\">\r\n<div class=\"col-xs-12 col-md-6\">\r\n<h3>Wir sind immer erreichbar f\u00fcr Sie<\/h3>\r\nFalls Sie Fragen haben oder einen Termin f\u00fcr eine pers\u00f6nliche Beratung w\u00fcnschen, dann w\u00fcrde es uns freuen, wenn Sie Kontakt zu uns aufnehmen.\r\n[contact-form-7 id=\"277\" title=\"Contact form\"]\r\n\r\n<\/div>\r\n<div class=\"col-xs-12 col-md-6\">\r\n<div class=\"block\">\r\n<h2>Kundenmanager<\/h2>\r\n&nbsp;\r\n<ul class=\"contacto\">\r\n \t<li><strong>Mr Sven Hagemann<\/strong><\/li>\r\n \t<li>Tel. +49 (0) 421 43 828 0<\/li>\r\n<\/ul>\r\n<ul class=\"contacto\">\r\n \t<li><strong>Mr Michele Collevecchio<\/strong><\/li>\r\n \t<li>Tel. +49 (0) 421 43 828 0<\/li>\r\n<\/ul>\r\n<ul class=\"contacto\">\r\n \t<li><a href=\"mailto:info.bkw@applus.com\"><strong>info.bkw@applus.com<\/strong><\/a><\/li>\r\n<\/ul>\r\n<\/div>\r\n<\/div>\r\n<\/div>","_de_post_name":"kontaktformular","_de_post_excerpt":"","_de_post_title":"Kontaktformular","edit_language":"de","footnotes":""},"class_list":["post-184","page","type-page","status-publish","hentry"],"acf":[],"yoast_head":"<!-- This site is optimized with the Yoast SEO plugin v27.6 - https:\/\/yoast.com\/product\/yoast-seo-wordpress\/ -->\n<title>Contact form - Applus+ BKW, Werkstoffpr\u00fcfung auf hohem Niveau<\/title>\n<meta name=\"description\" content=\"We are always available for you, wheter you have any questions or you would like to arrange for a personal discussion, please contact us.\" \/>\n<meta name=\"robots\" content=\"index, follow, max-snippet:-1, max-image-preview:large, max-video-preview:-1\" \/>\n<link rel=\"canonical\" href=\"https:\/\/www.bk-werkstofftechnik.com\/de\/kontaktformular\/\" \/>\n<meta property=\"og:locale\" content=\"de_DE\" \/>\n<meta property=\"og:type\" content=\"article\" \/>\n<meta property=\"og:title\" content=\"Contact form - Applus+ BKW, Werkstoffpr\u00fcfung auf hohem Niveau\" \/>\n<meta property=\"og:description\" content=\"We are always available for you, wheter you have any questions or you would like to arrange for a personal discussion, please contact us.\" \/>\n<meta property=\"og:url\" content=\"https:\/\/www.bk-werkstofftechnik.com\/de\/kontaktformular\/\" \/>\n<meta property=\"og:site_name\" content=\"Applus+ BKW, Werkstoffpr\u00fcfung auf hohem Niveau\" \/>\n<meta property=\"article:modified_time\" content=\"2022-08-30T10:16:03+00:00\" \/>\n<meta name=\"twitter:card\" content=\"summary_large_image\" \/>\n<script type=\"application\/ld+json\" class=\"yoast-schema-graph\">{\"@context\":\"https:\\\/\\\/schema.org\",\"@graph\":[{\"@type\":\"WebPage\",\"@id\":\"https:\\\/\\\/www.bk-werkstofftechnik.com\\\/de\\\/kontaktformular\\\/\",\"url\":\"https:\\\/\\\/www.bk-werkstofftechnik.com\\\/de\\\/kontaktformular\\\/\",\"name\":\"Contact form - Applus+ BKW, Werkstoffpr\u00fcfung auf hohem Niveau\",\"isPartOf\":{\"@id\":\"https:\\\/\\\/www.bk-werkstofftechnik.com\\\/en\\\/#website\"},\"datePublished\":\"2018-12-21T18:29:38+00:00\",\"dateModified\":\"2022-08-30T10:16:03+00:00\",\"description\":\"We are always available for you, wheter you have any questions or you would like to arrange for a personal discussion, please contact us.\",\"breadcrumb\":{\"@id\":\"https:\\\/\\\/www.bk-werkstofftechnik.com\\\/de\\\/kontaktformular\\\/#breadcrumb\"},\"inLanguage\":\"de\",\"potentialAction\":[{\"@type\":\"ReadAction\",\"target\":[\"https:\\\/\\\/www.bk-werkstofftechnik.com\\\/de\\\/kontaktformular\\\/\"]}]},{\"@type\":\"BreadcrumbList\",\"@id\":\"https:\\\/\\\/www.bk-werkstofftechnik.com\\\/de\\\/kontaktformular\\\/#breadcrumb\",\"itemListElement\":[{\"@type\":\"ListItem\",\"position\":1,\"name\":\"Home\",\"item\":\"https:\\\/\\\/www.bk-werkstofftechnik.com\\\/en\\\/\"},{\"@type\":\"ListItem\",\"position\":2,\"name\":\"Contact form\"}]},{\"@type\":\"WebSite\",\"@id\":\"https:\\\/\\\/www.bk-werkstofftechnik.com\\\/en\\\/#website\",\"url\":\"https:\\\/\\\/www.bk-werkstofftechnik.com\\\/en\\\/\",\"name\":\"Applus+ BKW, Werkstoffpr\u00fcfung auf hohem Niveau\",\"description\":\"\",\"publisher\":{\"@id\":\"https:\\\/\\\/www.bk-werkstofftechnik.com\\\/en\\\/#organization\"},\"potentialAction\":[{\"@type\":\"SearchAction\",\"target\":{\"@type\":\"EntryPoint\",\"urlTemplate\":\"https:\\\/\\\/www.bk-werkstofftechnik.com\\\/en\\\/?s={search_term_string}\"},\"query-input\":{\"@type\":\"PropertyValueSpecification\",\"valueRequired\":true,\"valueName\":\"search_term_string\"}}],\"inLanguage\":\"de\"},{\"@type\":\"Organization\",\"@id\":\"https:\\\/\\\/www.bk-werkstofftechnik.com\\\/en\\\/#organization\",\"name\":\"Applus+ BKW\",\"url\":\"https:\\\/\\\/www.bk-werkstofftechnik.com\\\/en\\\/\",\"logo\":{\"@type\":\"ImageObject\",\"inLanguage\":\"de\",\"@id\":\"https:\\\/\\\/www.bk-werkstofftechnik.com\\\/en\\\/#\\\/schema\\\/logo\\\/image\\\/\",\"url\":\"https:\\\/\\\/www.bk-werkstofftechnik.com\\\/wp-content\\\/uploads\\\/logo-applus-BKW.png\",\"contentUrl\":\"https:\\\/\\\/www.bk-werkstofftechnik.com\\\/wp-content\\\/uploads\\\/logo-applus-BKW.png\",\"width\":179,\"height\":85,\"caption\":\"Applus+ BKW\"},\"image\":{\"@id\":\"https:\\\/\\\/www.bk-werkstofftechnik.com\\\/en\\\/#\\\/schema\\\/logo\\\/image\\\/\"}}]}<\/script>\n<!-- \/ Yoast SEO plugin. -->","yoast_head_json":{"title":"Contact form - Applus+ BKW, Werkstoffpr\u00fcfung auf hohem Niveau","description":"We are always available for you, wheter you have any questions or you would like to arrange for a personal discussion, please contact us.","robots":{"index":"index","follow":"follow","max-snippet":"max-snippet:-1","max-image-preview":"max-image-preview:large","max-video-preview":"max-video-preview:-1"},"canonical":"https:\/\/www.bk-werkstofftechnik.com\/de\/kontaktformular\/","og_locale":"de_DE","og_type":"article","og_title":"Contact form - Applus+ BKW, Werkstoffpr\u00fcfung auf hohem Niveau","og_description":"We are always available for you, wheter you have any questions or you would like to arrange for a personal discussion, please contact us.","og_url":"https:\/\/www.bk-werkstofftechnik.com\/de\/kontaktformular\/","og_site_name":"Applus+ BKW, Werkstoffpr\u00fcfung auf hohem Niveau","article_modified_time":"2022-08-30T10:16:03+00:00","twitter_card":"summary_large_image","schema":{"@context":"https:\/\/schema.org","@graph":[{"@type":"WebPage","@id":"https:\/\/www.bk-werkstofftechnik.com\/de\/kontaktformular\/","url":"https:\/\/www.bk-werkstofftechnik.com\/de\/kontaktformular\/","name":"Contact form - Applus+ BKW, Werkstoffpr\u00fcfung auf hohem Niveau","isPartOf":{"@id":"https:\/\/www.bk-werkstofftechnik.com\/en\/#website"},"datePublished":"2018-12-21T18:29:38+00:00","dateModified":"2022-08-30T10:16:03+00:00","description":"We are always available for you, wheter you have any questions or you would like to arrange for a personal discussion, please contact us.","breadcrumb":{"@id":"https:\/\/www.bk-werkstofftechnik.com\/de\/kontaktformular\/#breadcrumb"},"inLanguage":"de","potentialAction":[{"@type":"ReadAction","target":["https:\/\/www.bk-werkstofftechnik.com\/de\/kontaktformular\/"]}]},{"@type":"BreadcrumbList","@id":"https:\/\/www.bk-werkstofftechnik.com\/de\/kontaktformular\/#breadcrumb","itemListElement":[{"@type":"ListItem","position":1,"name":"Home","item":"https:\/\/www.bk-werkstofftechnik.com\/en\/"},{"@type":"ListItem","position":2,"name":"Contact form"}]},{"@type":"WebSite","@id":"https:\/\/www.bk-werkstofftechnik.com\/en\/#website","url":"https:\/\/www.bk-werkstofftechnik.com\/en\/","name":"Applus+ BKW, Werkstoffpr\u00fcfung auf hohem Niveau","description":"","publisher":{"@id":"https:\/\/www.bk-werkstofftechnik.com\/en\/#organization"},"potentialAction":[{"@type":"SearchAction","target":{"@type":"EntryPoint","urlTemplate":"https:\/\/www.bk-werkstofftechnik.com\/en\/?s={search_term_string}"},"query-input":{"@type":"PropertyValueSpecification","valueRequired":true,"valueName":"search_term_string"}}],"inLanguage":"de"},{"@type":"Organization","@id":"https:\/\/www.bk-werkstofftechnik.com\/en\/#organization","name":"Applus+ BKW","url":"https:\/\/www.bk-werkstofftechnik.com\/en\/","logo":{"@type":"ImageObject","inLanguage":"de","@id":"https:\/\/www.bk-werkstofftechnik.com\/en\/#\/schema\/logo\/image\/","url":"https:\/\/www.bk-werkstofftechnik.com\/wp-content\/uploads\/logo-applus-BKW.png","contentUrl":"https:\/\/www.bk-werkstofftechnik.com\/wp-content\/uploads\/logo-applus-BKW.png","width":179,"height":85,"caption":"Applus+ BKW"},"image":{"@id":"https:\/\/www.bk-werkstofftechnik.com\/en\/#\/schema\/logo\/image\/"}}]}},"_links":{"self":[{"href":"https:\/\/www.bk-werkstofftechnik.com\/de\/wp-json\/wp\/v2\/pages\/184","targetHints":{"allow":["GET"]}}],"collection":[{"href":"https:\/\/www.bk-werkstofftechnik.com\/de\/wp-json\/wp\/v2\/pages"}],"about":[{"href":"https:\/\/www.bk-werkstofftechnik.com\/de\/wp-json\/wp\/v2\/types\/page"}],"author":[{"embeddable":true,"href":"https:\/\/www.bk-werkstofftechnik.com\/de\/wp-json\/wp\/v2\/users\/1"}],"replies":[{"embeddable":true,"href":"https:\/\/www.bk-werkstofftechnik.com\/de\/wp-json\/wp\/v2\/comments?post=184"}],"version-history":[{"count":2,"href":"https:\/\/www.bk-werkstofftechnik.com\/de\/wp-json\/wp\/v2\/pages\/184\/revisions"}],"predecessor-version":[{"id":860,"href":"https:\/\/www.bk-werkstofftechnik.com\/de\/wp-json\/wp\/v2\/pages\/184\/revisions\/860"}],"wp:attachment":[{"href":"https:\/\/www.bk-werkstofftechnik.com\/de\/wp-json\/wp\/v2\/media?parent=184"}],"curies":[{"name":"wp","href":"https:\/\/api.w.org\/{rel}","templated":true}]}}